{"id":1155,"date":"2026-02-02T12:03:06","date_gmt":"2026-02-02T12:03:06","guid":{"rendered":"https:\/\/clauqsi.com\/?page_id=1155"},"modified":"2026-03-30T11:44:44","modified_gmt":"2026-03-30T11:44:44","slug":"%e5%86%9c%e4%b8%9a%e4%b8%8e%e9%a3%9f%e5%93%81%e5%86%9c%e8%89%ba%e5%b7%a5%e7%a8%8b","status":"publish","type":"page","link":"https:\/\/clauqsi.com\/zh\/ingenieria-agronomica-agricola-y-alimentaria","title":{"rendered":"\u519c\u5b66\u3001\u519c\u4e1a\u4e0e\u98df\u54c1\u5de5\u7a0b"},"content":{"rendered":"<div id=\"page-header-633362848\" class=\"page-header-wrapper\">\n  <div class=\"page-title dark normal-title box-shadow-2\">\n\n        <div class=\"page-title-bg\">\n      <div class=\"title-bg fill bg-fill\"\n        data-parallax-container=\".page-title\"\n        data-parallax-background\n data-parallax=\"-\">\n      <\/div>\n      <div class=\"title-overlay fill\"><\/div>\n    <\/div>\n    \n    <div class=\"page-title-inner container align-center text-center flex-row-col medium-flex-wrap\" >\n              <div class=\"title-wrapper is-small flex-col\">\n          <h1 class=\"entry-title mb-0\">\n            \u519c\u5b66\u3001\u519c\u4e1a\u4e0e\u98df\u54c1\u5de5\u7a0b          <\/h1>\n        <\/div>\n                    <div class=\"title-content flex-col\">\n              <\/div>\n    <\/div>\n\n     \n<style>\n#page-header-633362848 .normal-title {\n  background-color: rgb(59, 109, 17);\n}\n<\/style>\n  <\/div>\n    <\/div>\n  \n<div class=\"is-divider divider clearfix\" style=\"max-width:1024px;\"><\/div>\n\n\t\t<div class=\"tabbed-content\">\n\t\t\t\n\t\t\t<ul class=\"nav nav-line nav-vertical nav-uppercase nav-size-normal nav-left\" role=\"tablist\"><li id=\"tab-ciencias-agrarias-y-bioeconom\u00eda\" class=\"tab active has-icon\" role=\"presentation\"><a href=\"#tab_ciencias-agrarias-y-bioeconom\u00eda\" role=\"tab\" aria-selected=\"true\" aria-controls=\"tab_ciencias-agrarias-y-bioeconom\u00eda\"><span>\u519c\u4e1a\u79d1\u5b66\u4e0e\u751f\u7269\u7ecf\u6d4e<\/span><\/a><\/li>\n<li id=\"tab-ingenier\u00eda-agr\u00edcola\" class=\"tab has-icon\" role=\"presentation\"><a href=\"#tab_ingenier\u00eda-agr\u00edcola\" tabindex=\"-1\" role=\"tab\" aria-selected=\"false\" aria-controls=\"tab_ingenier\u00eda-agr\u00edcola\"><span>\u519c\u4e1a\u5de5\u7a0b<\/span><\/a><\/li>\n<li id=\"tab-ingenier\u00eda-agron\u00f3mica\" class=\"tab has-icon\" role=\"presentation\"><a href=\"#tab_ingenier\u00eda-agron\u00f3mica\" tabindex=\"-1\" role=\"tab\" aria-selected=\"false\" aria-controls=\"tab_ingenier\u00eda-agron\u00f3mica\"><span>\u519c\u4e1a\u5de5\u7a0b<\/span><\/a><\/li>\n<li id=\"tab-ingenier\u00eda-alimentaria\" class=\"tab has-icon\" role=\"presentation\"><a href=\"#tab_ingenier\u00eda-alimentaria\" tabindex=\"-1\" role=\"tab\" aria-selected=\"false\" aria-controls=\"tab_ingenier\u00eda-alimentaria\"><span>\u98df\u54c1\u5de5\u7a0b<\/span><\/a><\/li><\/ul><div class=\"tab-panels\"><div id=\"tab_ciencias-agrarias-y-bioeconom\u00eda\" class=\"panel active entry-content\" role=\"tabpanel\" aria-labelledby=\"tab-ciencias-agrarias-y-bioeconom\u00eda\">\n\n  \n    <div class=\"row large-columns-2 medium-columns-1 small-columns-1\" >\n  <div class=\"col post-item\" >\n\t\t\t<div class=\"col-inner\">\n\t\t\t\t<div class=\"box box-normal box-text-bottom box-blog-post has-hover\">\n            \t\t\t\t\t<div class=\"box-image\" >\n  \t\t\t\t\t\t<div class=\"image-zoom image-zoom image-cover\" style=\"padding-top:56%;\">\n\t\t\t\t\t\t\t<a href=\"https:\/\/clauqsi.com\/zh\/blog\/mari-estudiante-de-ciencias-agrarias-y-bioeconomia\" class=\"plain\" aria-label=\"\u9a6c\u91cc\uff0c\u519c\u4e1a\u79d1\u5b66\u548c\u751f\u7269\u7ecf\u6d4e\u4e13\u4e1a\u5b66\u751f\u3002.\">\n\t\t\t\t\t\t\t\t<img decoding=\"async\" width=\"1020\" height=\"574\" data-src=\"https:\/\/clauqsi.com\/wp-content\/uploads\/2023\/10\/MARI-WHITE-1024x576.jpg\" class=\"attachment-large size-large wp-post-image lazyload\" alt=\"\" data-srcset=\"https:\/\/clauqsi.com\/wp-content\/uploads\/2023\/10\/MARI-WHITE-1024x576.jpg 1024w, https:\/\/clauqsi.com\/wp-content\/uploads\/2023\/10\/MARI-WHITE-300x169.jpg 300w, https:\/\/clauqsi.com\/wp-content\/uploads\/2023\/10\/MARI-WHITE-768x432.jpg 768w, https:\/\/clauqsi.com\/wp-content\/uploads\/2023\/10\/MARI-WHITE-1536x864.jpg 1536w, https:\/\/clauqsi.com\/wp-content\/uploads\/2023\/10\/MARI-WHITE.jpg 1920w\" data-sizes=\"(max-width: 1020px) 100vw, 1020px\" src=\"data:image\/svg+xml;base64,PHN2ZyB3aWR0aD0iMSIgaGVpZ2h0PSIxIiB4bWxucz0iaHR0cDovL3d3dy53My5vcmcvMjAwMC9zdmciPjwvc3ZnPg==\" style=\"--smush-placeholder-width: 1020px; --smush-placeholder-aspect-ratio: 1020\/574;\" \/>\t\t\t\t\t\t\t<\/a>\n  \t\t\t\t\t\t\t  \t\t\t\t\t\t\t  \t\t\t\t\t\t<\/div>\n  \t\t\t\t\t\t  \t\t\t\t\t<\/div>\n          \t\t\t\t\t<div class=\"box-text show-on-hover hover-bounce text-center is-large\" style=\"padding:1px 0px 10px 0px;\">\n\t\t\t\t\t<div class=\"box-text-inner blog-post-inner\">\n\n\t\t\t\t\t\n\t\t\t\t\t\t\t\t\t\t<h5 class=\"post-title is-small\">\n\t\t\t\t\t\t<a href=\"https:\/\/clauqsi.com\/zh\/blog\/mari-estudiante-de-ciencias-agrarias-y-bioeconomia\" class=\"plain\">\u9a6c\u91cc\uff0c\u519c\u4e1a\u79d1\u5b66\u548c\u751f\u7269\u7ecf\u6d4e\u4e13\u4e1a\u5b66\u751f\u3002.<\/a>\n\t\t\t\t\t<\/h5>\n\t\t\t\t\t<div class=\"post-meta is-small op-8\">2 10 \u6708, 2023<\/div>\t\t\t\t\t<div class=\"is-divider\"><\/div>\n\t\t\t\t\t                    \n\t\t\t\t\t\n\t\t\t\t\t\n\t\t\t\t\t<\/div>\n\t\t\t\t\t<\/div>\n\t\t\t\t\t\t\t\t\t<\/div>\n\t\t\t<\/div>\n\t\t<\/div><\/div>\n<\/div>\n<div id=\"tab_ingenier\u00eda-agr\u00edcola\" class=\"panel entry-content\" role=\"tabpanel\" aria-labelledby=\"tab-ingenier\u00eda-agr\u00edcola\">\n\n  \n    <div class=\"row large-columns-2 medium-columns-1 small-columns-1\" >\n  <div class=\"col post-item\" >\n\t\t\t<div class=\"col-inner\">\n\t\t\t\t<div class=\"box box-normal box-text-bottom box-blog-post has-hover\">\n            \t\t\t\t\t<div class=\"box-image\" >\n  \t\t\t\t\t\t<div class=\"image-zoom image-zoom image-cover\" style=\"padding-top:56%;\">\n\t\t\t\t\t\t\t<a href=\"https:\/\/clauqsi.com\/zh\/blog\/alejandra-ingeniera-agricola-y-futura-empresaria-del-campo\" class=\"plain\" aria-label=\"Alejandra\uff0c\u519c\u4e1a\u5de5\u7a0b\u5e08\u548c\u672a\u6765\u7684\u519c\u4e1a\u4f01\u4e1a\u5bb6\">\n\t\t\t\t\t\t\t\t<img decoding=\"async\" width=\"1020\" height=\"574\" data-src=\"https:\/\/clauqsi.com\/wp-content\/uploads\/2024\/07\/ALEJANDRA-PISTACHO-1024x576.jpg\" class=\"attachment-large size-large wp-post-image lazyload\" alt=\"\" data-srcset=\"https:\/\/clauqsi.com\/wp-content\/uploads\/2024\/07\/ALEJANDRA-PISTACHO-1024x576.jpg 1024w, https:\/\/clauqsi.com\/wp-content\/uploads\/2024\/07\/ALEJANDRA-PISTACHO-300x169.jpg 300w, https:\/\/clauqsi.com\/wp-content\/uploads\/2024\/07\/ALEJANDRA-PISTACHO-768x432.jpg 768w, https:\/\/clauqsi.com\/wp-content\/uploads\/2024\/07\/ALEJANDRA-PISTACHO-1536x864.jpg 1536w, https:\/\/clauqsi.com\/wp-content\/uploads\/2024\/07\/ALEJANDRA-PISTACHO.jpg 1920w\" data-sizes=\"(max-width: 1020px) 100vw, 1020px\" src=\"data:image\/svg+xml;base64,PHN2ZyB3aWR0aD0iMSIgaGVpZ2h0PSIxIiB4bWxucz0iaHR0cDovL3d3dy53My5vcmcvMjAwMC9zdmciPjwvc3ZnPg==\" style=\"--smush-placeholder-width: 1020px; --smush-placeholder-aspect-ratio: 1020\/574;\" \/>\t\t\t\t\t\t\t<\/a>\n  \t\t\t\t\t\t\t  \t\t\t\t\t\t\t  \t\t\t\t\t\t<\/div>\n  \t\t\t\t\t\t  \t\t\t\t\t<\/div>\n          \t\t\t\t\t<div class=\"box-text show-on-hover hover-bounce text-center is-large\" style=\"padding:1px 0px 10px 0px;\">\n\t\t\t\t\t<div class=\"box-text-inner blog-post-inner\">\n\n\t\t\t\t\t\n\t\t\t\t\t\t\t\t\t\t<h5 class=\"post-title is-small\">\n\t\t\t\t\t\t<a href=\"https:\/\/clauqsi.com\/zh\/blog\/alejandra-ingeniera-agricola-y-futura-empresaria-del-campo\" class=\"plain\">Alejandra\uff0c\u519c\u4e1a\u5de5\u7a0b\u5e08\u548c\u672a\u6765\u7684\u519c\u4e1a\u4f01\u4e1a\u5bb6<\/a>\n\t\t\t\t\t<\/h5>\n\t\t\t\t\t<div class=\"post-meta is-small op-8\">24 6 \u6708, 2024<\/div>\t\t\t\t\t<div class=\"is-divider\"><\/div>\n\t\t\t\t\t                    \n\t\t\t\t\t\n\t\t\t\t\t\n\t\t\t\t\t<\/div>\n\t\t\t\t\t<\/div>\n\t\t\t\t\t\t\t\t\t<\/div>\n\t\t\t<\/div>\n\t\t<\/div><div class=\"col post-item\" >\n\t\t\t<div class=\"col-inner\">\n\t\t\t\t<div class=\"box box-normal box-text-bottom box-blog-post has-hover\">\n            \t\t\t\t\t<div class=\"box-image\" >\n  \t\t\t\t\t\t<div class=\"image-zoom image-zoom image-cover\" style=\"padding-top:56%;\">\n\t\t\t\t\t\t\t<a href=\"https:\/\/clauqsi.com\/zh\/blog\/paula-valencia-ingeniera-agricola-y-apasionada-de-la-maquinaria-%f0%9f%9a%9c\" class=\"plain\" aria-label=\"\u519c\u4e1a\u5de5\u7a0b\u5e08\u548c\u673a\u68b0\u7231\u597d\u8005 \ud83d\ude9c\u3002\">\n\t\t\t\t\t\t\t\t<img decoding=\"async\" width=\"1020\" height=\"574\" data-src=\"https:\/\/clauqsi.com\/wp-content\/uploads\/2023\/12\/PAULA-AGRO-WHITE-1024x576.jpg\" class=\"attachment-large size-large wp-post-image lazyload\" alt=\"\" data-srcset=\"https:\/\/clauqsi.com\/wp-content\/uploads\/2023\/12\/PAULA-AGRO-WHITE-1024x576.jpg 1024w, https:\/\/clauqsi.com\/wp-content\/uploads\/2023\/12\/PAULA-AGRO-WHITE-300x169.jpg 300w, https:\/\/clauqsi.com\/wp-content\/uploads\/2023\/12\/PAULA-AGRO-WHITE-768x432.jpg 768w, https:\/\/clauqsi.com\/wp-content\/uploads\/2023\/12\/PAULA-AGRO-WHITE-1536x864.jpg 1536w, https:\/\/clauqsi.com\/wp-content\/uploads\/2023\/12\/PAULA-AGRO-WHITE.jpg 1920w\" data-sizes=\"(max-width: 1020px) 100vw, 1020px\" src=\"data:image\/svg+xml;base64,PHN2ZyB3aWR0aD0iMSIgaGVpZ2h0PSIxIiB4bWxucz0iaHR0cDovL3d3dy53My5vcmcvMjAwMC9zdmciPjwvc3ZnPg==\" style=\"--smush-placeholder-width: 1020px; --smush-placeholder-aspect-ratio: 1020\/574;\" \/>\t\t\t\t\t\t\t<\/a>\n  \t\t\t\t\t\t\t  \t\t\t\t\t\t\t  \t\t\t\t\t\t<\/div>\n  \t\t\t\t\t\t  \t\t\t\t\t<\/div>\n          \t\t\t\t\t<div class=\"box-text show-on-hover hover-bounce text-center is-large\" style=\"padding:1px 0px 10px 0px;\">\n\t\t\t\t\t<div class=\"box-text-inner blog-post-inner\">\n\n\t\t\t\t\t\n\t\t\t\t\t\t\t\t\t\t<h5 class=\"post-title is-small\">\n\t\t\t\t\t\t<a href=\"https:\/\/clauqsi.com\/zh\/blog\/paula-valencia-ingeniera-agricola-y-apasionada-de-la-maquinaria-%f0%9f%9a%9c\" class=\"plain\">\u519c\u4e1a\u5de5\u7a0b\u5e08\u548c\u673a\u68b0\u7231\u597d\u8005 \ud83d\ude9c\u3002<\/a>\n\t\t\t\t\t<\/h5>\n\t\t\t\t\t<div class=\"post-meta is-small op-8\">5 12 \u6708, 2023<\/div>\t\t\t\t\t<div class=\"is-divider\"><\/div>\n\t\t\t\t\t                    \n\t\t\t\t\t\n\t\t\t\t\t\n\t\t\t\t\t<\/div>\n\t\t\t\t\t<\/div>\n\t\t\t\t\t\t\t\t\t<\/div>\n\t\t\t<\/div>\n\t\t<\/div><\/div>\n<\/div>\n<div id=\"tab_ingenier\u00eda-agron\u00f3mica\" class=\"panel entry-content\" role=\"tabpanel\" aria-labelledby=\"tab-ingenier\u00eda-agron\u00f3mica\">\n\n  \n    <div class=\"row large-columns-2 medium-columns-1 small-columns-1\" >\n  <div class=\"col post-item\" >\n\t\t\t<div class=\"col-inner\">\n\t\t\t\t<div class=\"box box-normal box-text-bottom box-blog-post has-hover\">\n            \t\t\t\t\t<div class=\"box-image\" >\n  \t\t\t\t\t\t<div class=\"image-zoom image-zoom image-cover\" style=\"padding-top:56%;\">\n\t\t\t\t\t\t\t<a href=\"https:\/\/clauqsi.com\/zh\/blog\/especial-dia-internacional-de-la-mujer-y-la-nina-en-la-ciencia-con-almudena-de-danone\" class=\"plain\" aria-label=\"\u4e0e\u963f\u5c14\u7a46\u5fb7\u5a1c-\u5fb7-\u8fbe\u5185\u4e00\u8d77\u5e86\u795d &quot;\u56fd\u9645\u79d1\u5b66\u754c\u5987\u5973\u548c\u5973\u5b69\u65e5 &quot;\u7279\u522b\u6d3b\u52a8\">\n\t\t\t\t\t\t\t\t<img decoding=\"async\" width=\"1020\" height=\"574\" data-src=\"https:\/\/clauqsi.com\/wp-content\/uploads\/2025\/03\/almudena-1024x576.webp\" class=\"attachment-large size-large wp-post-image lazyload\" alt=\"\" data-srcset=\"https:\/\/clauqsi.com\/wp-content\/uploads\/2025\/03\/almudena-1024x576.webp 1024w, https:\/\/clauqsi.com\/wp-content\/uploads\/2025\/03\/almudena-300x169.webp 300w, https:\/\/clauqsi.com\/wp-content\/uploads\/2025\/03\/almudena-768x432.webp 768w, https:\/\/clauqsi.com\/wp-content\/uploads\/2025\/03\/almudena.webp 1280w\" data-sizes=\"(max-width: 1020px) 100vw, 1020px\" src=\"data:image\/svg+xml;base64,PHN2ZyB3aWR0aD0iMSIgaGVpZ2h0PSIxIiB4bWxucz0iaHR0cDovL3d3dy53My5vcmcvMjAwMC9zdmciPjwvc3ZnPg==\" style=\"--smush-placeholder-width: 1020px; --smush-placeholder-aspect-ratio: 1020\/574;\" \/>\t\t\t\t\t\t\t<\/a>\n  \t\t\t\t\t\t\t  \t\t\t\t\t\t\t  \t\t\t\t\t\t<\/div>\n  \t\t\t\t\t\t  \t\t\t\t\t<\/div>\n          \t\t\t\t\t<div class=\"box-text show-on-hover hover-bounce text-center is-large\" style=\"padding:1px 0px 10px 0px;\">\n\t\t\t\t\t<div class=\"box-text-inner blog-post-inner\">\n\n\t\t\t\t\t\n\t\t\t\t\t\t\t\t\t\t<h5 class=\"post-title is-small\">\n\t\t\t\t\t\t<a href=\"https:\/\/clauqsi.com\/zh\/blog\/especial-dia-internacional-de-la-mujer-y-la-nina-en-la-ciencia-con-almudena-de-danone\" class=\"plain\">\u4e0e\u963f\u5c14\u7a46\u5fb7\u5a1c-\u5fb7-\u8fbe\u5185\u4e00\u8d77\u5e86\u795d \"\u56fd\u9645\u79d1\u5b66\u754c\u5987\u5973\u548c\u5973\u5b69\u65e5 \"\u7279\u522b\u6d3b\u52a8<\/a>\n\t\t\t\t\t<\/h5>\n\t\t\t\t\t<div class=\"post-meta is-small op-8\">10 2 \u6708, 2025<\/div>\t\t\t\t\t<div class=\"is-divider\"><\/div>\n\t\t\t\t\t                    \n\t\t\t\t\t\n\t\t\t\t\t\n\t\t\t\t\t<\/div>\n\t\t\t\t\t<\/div>\n\t\t\t\t\t\t\t\t\t<\/div>\n\t\t\t<\/div>\n\t\t<\/div><div class=\"col post-item\" >\n\t\t\t<div class=\"col-inner\">\n\t\t\t\t<div class=\"box box-normal box-text-bottom box-blog-post has-hover\">\n            \t\t\t\t\t<div class=\"box-image\" >\n  \t\t\t\t\t\t<div class=\"image-zoom image-zoom image-cover\" style=\"padding-top:56%;\">\n\t\t\t\t\t\t\t<a href=\"https:\/\/clauqsi.com\/zh\/blog\/isabel-garcia-frontera-ingeniera-agronoma-y-ceo-de-freenow\" class=\"plain\" aria-label=\"\u4f0a\u838e\u8d1d\u5c14-\u52a0\u897f\u4e9a-\u5f17\u9f99\u7279\u62c9\u3002\u519c\u5b66\u5bb6\u517c Freenow \u9996\u5e2d\u6267\u884c\u5b98\u3002.\">\n\t\t\t\t\t\t\t\t<img decoding=\"async\" width=\"1020\" height=\"574\" data-src=\"https:\/\/clauqsi.com\/wp-content\/uploads\/2023\/09\/ISABEL-1024x576.jpg\" class=\"attachment-large size-large wp-post-image lazyload\" alt=\"\" data-srcset=\"https:\/\/clauqsi.com\/wp-content\/uploads\/2023\/09\/ISABEL-1024x576.jpg 1024w, https:\/\/clauqsi.com\/wp-content\/uploads\/2023\/09\/ISABEL-300x169.jpg 300w, https:\/\/clauqsi.com\/wp-content\/uploads\/2023\/09\/ISABEL-768x432.jpg 768w, https:\/\/clauqsi.com\/wp-content\/uploads\/2023\/09\/ISABEL-1536x864.jpg 1536w, https:\/\/clauqsi.com\/wp-content\/uploads\/2023\/09\/ISABEL.jpg 1920w\" data-sizes=\"(max-width: 1020px) 100vw, 1020px\" src=\"data:image\/svg+xml;base64,PHN2ZyB3aWR0aD0iMSIgaGVpZ2h0PSIxIiB4bWxucz0iaHR0cDovL3d3dy53My5vcmcvMjAwMC9zdmciPjwvc3ZnPg==\" style=\"--smush-placeholder-width: 1020px; --smush-placeholder-aspect-ratio: 1020\/574;\" \/>\t\t\t\t\t\t\t<\/a>\n  \t\t\t\t\t\t\t  \t\t\t\t\t\t\t  \t\t\t\t\t\t<\/div>\n  \t\t\t\t\t\t  \t\t\t\t\t<\/div>\n          \t\t\t\t\t<div class=\"box-text show-on-hover hover-bounce text-center is-large\" style=\"padding:1px 0px 10px 0px;\">\n\t\t\t\t\t<div class=\"box-text-inner blog-post-inner\">\n\n\t\t\t\t\t\n\t\t\t\t\t\t\t\t\t\t<h5 class=\"post-title is-small\">\n\t\t\t\t\t\t<a href=\"https:\/\/clauqsi.com\/zh\/blog\/isabel-garcia-frontera-ingeniera-agronoma-y-ceo-de-freenow\" class=\"plain\">\u4f0a\u838e\u8d1d\u5c14-\u52a0\u897f\u4e9a-\u5f17\u9f99\u7279\u62c9\u3002\u519c\u5b66\u5bb6\u517c Freenow \u9996\u5e2d\u6267\u884c\u5b98\u3002.<\/a>\n\t\t\t\t\t<\/h5>\n\t\t\t\t\t<div class=\"post-meta is-small op-8\">12 9 \u6708, 2023<\/div>\t\t\t\t\t<div class=\"is-divider\"><\/div>\n\t\t\t\t\t                    \n\t\t\t\t\t\n\t\t\t\t\t\n\t\t\t\t\t<\/div>\n\t\t\t\t\t<\/div>\n\t\t\t\t\t\t\t\t\t<\/div>\n\t\t\t<\/div>\n\t\t<\/div><\/div>\n<\/div>\n<div id=\"tab_ingenier\u00eda-alimentaria\" class=\"panel entry-content\" role=\"tabpanel\" aria-labelledby=\"tab-ingenier\u00eda-alimentaria\">\n\n  \n    <div class=\"row large-columns-2 medium-columns-1 small-columns-1\" >\n  <div class=\"col post-item\" >\n\t\t\t<div class=\"col-inner\">\n\t\t\t\t<div class=\"box box-normal box-text-bottom box-blog-post has-hover\">\n            \t\t\t\t\t<div class=\"box-image\" >\n  \t\t\t\t\t\t<div class=\"image-zoom image-zoom image-cover\" style=\"padding-top:56%;\">\n\t\t\t\t\t\t\t<a href=\"https:\/\/clauqsi.com\/zh\/blog\/blanca-palma-ingenieria-alimentaria\" class=\"plain\" aria-label=\"Blanca Palma\uff0c\u98df\u54c1\u5de5\u7a0b\u5b66\u3002.\">\n\t\t\t\t\t\t\t\t<img decoding=\"async\" width=\"1020\" height=\"574\" data-src=\"https:\/\/clauqsi.com\/wp-content\/uploads\/2023\/09\/BLANCA-WHITE-1024x576.jpg\" class=\"attachment-large size-large wp-post-image lazyload\" alt=\"\" data-srcset=\"https:\/\/clauqsi.com\/wp-content\/uploads\/2023\/09\/BLANCA-WHITE-1024x576.jpg 1024w, https:\/\/clauqsi.com\/wp-content\/uploads\/2023\/09\/BLANCA-WHITE-300x169.jpg 300w, https:\/\/clauqsi.com\/wp-content\/uploads\/2023\/09\/BLANCA-WHITE-768x432.jpg 768w, https:\/\/clauqsi.com\/wp-content\/uploads\/2023\/09\/BLANCA-WHITE-1536x864.jpg 1536w, https:\/\/clauqsi.com\/wp-content\/uploads\/2023\/09\/BLANCA-WHITE.jpg 1920w\" data-sizes=\"(max-width: 1020px) 100vw, 1020px\" src=\"data:image\/svg+xml;base64,PHN2ZyB3aWR0aD0iMSIgaGVpZ2h0PSIxIiB4bWxucz0iaHR0cDovL3d3dy53My5vcmcvMjAwMC9zdmciPjwvc3ZnPg==\" style=\"--smush-placeholder-width: 1020px; --smush-placeholder-aspect-ratio: 1020\/574;\" \/>\t\t\t\t\t\t\t<\/a>\n  \t\t\t\t\t\t\t  \t\t\t\t\t\t\t  \t\t\t\t\t\t<\/div>\n  \t\t\t\t\t\t  \t\t\t\t\t<\/div>\n          \t\t\t\t\t<div class=\"box-text show-on-hover hover-bounce text-center is-large\" style=\"padding:1px 0px 10px 0px;\">\n\t\t\t\t\t<div class=\"box-text-inner blog-post-inner\">\n\n\t\t\t\t\t\n\t\t\t\t\t\t\t\t\t\t<h5 class=\"post-title is-small\">\n\t\t\t\t\t\t<a href=\"https:\/\/clauqsi.com\/zh\/blog\/blanca-palma-ingenieria-alimentaria\" class=\"plain\">Blanca Palma\uff0c\u98df\u54c1\u5de5\u7a0b\u5b66\u3002.<\/a>\n\t\t\t\t\t<\/h5>\n\t\t\t\t\t<div class=\"post-meta is-small op-8\">12 9 \u6708, 2023<\/div>\t\t\t\t\t<div class=\"is-divider\"><\/div>\n\t\t\t\t\t                    \n\t\t\t\t\t\n\t\t\t\t\t\n\t\t\t\t\t<\/div>\n\t\t\t\t\t<\/div>\n\t\t\t\t\t\t\t\t\t<\/div>\n\t\t\t<\/div>\n\t\t<\/div><\/div>\n<\/div><\/div><\/div>\n<div class=\"is-divider divider clearfix\" style=\"max-width:1024px;\"><\/div>\n\t<div id=\"text-2451105527\" class=\"text\">\n\t\t\n<p>\u4f7f\u7528 <strong>\u4fa7\u6ee4\u7f51<\/strong> \u67e5\u627e\u7279\u5b9a\u5267\u96c6\uff0c\u6216\u70b9\u51fb <strong>\u804c\u4e1a\u751f\u6daf <a href=\"https:\/\/clauqsi.com\/zh\/%e5%8d%9a%e5%ae%a2\/%e7%b1%bb%e5%88%ab\/%e5%86%9c%e4%b8%9a%e4%b8%8e%e9%a3%9f%e5%93%81%e5%86%9c%e8%89%ba%e5%b7%a5%e7%a8%8b\/\">\u519c\u5b66\u3001\u519c\u4e1a\u4e0e\u98df\u54c1\u5de5\u7a0b <\/a><\/strong>\u4e86\u89e3\u8be5\u9886\u57df\u7684\u5168\u90e8\u8bbf\u8c08\u5185\u5bb9\u548c\u7ecf\u9a8c\u3002.<\/p>\n<p>\u60f3\u8981\u4e86\u89e3\u66f4\u591a\uff1f\u52a0\u5165\u6211\u4eec\u7684\u793e\u533a\u00a0<strong><a href=\"https:\/\/www.instagram.com\/clau_qsi?igsh=MWxvN2EzcmpsdDZ3MQ==\">Instagram<\/a><\/strong>,\u00a0<strong><a href=\"https:\/\/www.tiktok.com\/@clau_qsi?_r=1&amp;_t=ZN-93WtFJfvNCg\">TikTok<\/a>,\u00a0<a href=\"https:\/\/open.spotify.com\/show\/7JD2xfJp1wnOBvCOzK8nam\">Spotify<\/a>\u00a0<\/strong>y <strong><a href=\"http:\/\/www.youtube.com\/@clau_qsi\">YouTube<\/a><\/strong>. \u5173\u6ce8\u6211\u4eec\uff0c\u4e0d\u9519\u8fc7\u4efb\u4f55\u4e00\u96c6\u8282\u76ee\uff01<\/p>\n\t\t\n<style>\n#text-2451105527 {\n  font-size: 0.8rem;\n}\n<\/style>\n\t<\/div>","protected":false},"excerpt":{"rendered":"","protected":false},"author":1,"featured_media":0,"parent":0,"menu_order":0,"comment_status":"closed","ping_status":"closed","template":"","meta":{"footnotes":""},"class_list":["post-1155","page","type-page","status-publish","hentry"],"yoast_head":"<!-- This site is optimized with the Yoast SEO plugin v27.4 - https:\/\/yoast.com\/product\/yoast-seo-wordpress\/ -->\n<title>Carreras de Ingenier\u00eda Agron\u00f3mica y Alimentaria | CLAUQSI<\/title>\n<meta name=\"description\" content=\"Explora las diferentes carreras de Ingenier\u00eda Agron\u00f3mica y Alimentaria con testimonios de mujeres referentes. \u00a1Encuentra tu vocaci\u00f3n!\" \/>\n<meta name=\"robots\" content=\"index, follow, max-snippet:-1, max-image-preview:large, max-video-preview:-1\" \/>\n<link rel=\"canonical\" href=\"https:\/\/clauqsi.com\/zh\/\u519c\u4e1a\u4e0e\u98df\u54c1\u519c\u827a\u5de5\u7a0b\/\" \/>\n<meta property=\"og:locale\" content=\"zh_CN\" \/>\n<meta property=\"og:type\" content=\"article\" \/>\n<meta property=\"og:title\" content=\"Carreras de Ingenier\u00eda Agron\u00f3mica y Alimentaria | CLAUQSI\" \/>\n<meta property=\"og:description\" content=\"Explora las diferentes carreras de Ingenier\u00eda Agron\u00f3mica y Alimentaria con testimonios de mujeres referentes. \u00a1Encuentra tu vocaci\u00f3n!\" \/>\n<meta property=\"og:url\" content=\"https:\/\/clauqsi.com\/zh\/\u519c\u4e1a\u4e0e\u98df\u54c1\u519c\u827a\u5de5\u7a0b\/\" \/>\n<meta property=\"og:site_name\" content=\"Clau, quiero ser ingeniera\" \/>\n<meta property=\"article:modified_time\" content=\"2026-03-30T11:44:44+00:00\" \/>\n<meta name=\"twitter:card\" content=\"summary_large_image\" \/>\n<meta name=\"twitter:label1\" content=\"\u9884\u8ba1\u9605\u8bfb\u65f6\u95f4\" \/>\n\t<meta name=\"twitter:data1\" content=\"1 \u5206\" \/>\n<script type=\"application\/ld+json\" class=\"yoast-schema-graph\">{\"@context\":\"https:\\\/\\\/schema.org\",\"@graph\":[{\"@type\":\"WebPage\",\"@id\":\"https:\\\/\\\/clauqsi.com\\\/ingenieria-agronomica-agricola-y-alimentaria\",\"url\":\"https:\\\/\\\/clauqsi.com\\\/ingenieria-agronomica-agricola-y-alimentaria\",\"name\":\"Carreras de Ingenier\u00eda Agron\u00f3mica y Alimentaria | CLAUQSI\",\"isPartOf\":{\"@id\":\"https:\\\/\\\/clauqsi.com\\\/en\\\/#website\"},\"datePublished\":\"2026-02-02T12:03:06+00:00\",\"dateModified\":\"2026-03-30T11:44:44+00:00\",\"description\":\"Explora las diferentes carreras de Ingenier\u00eda Agron\u00f3mica y Alimentaria con testimonios de mujeres referentes. \u00a1Encuentra tu vocaci\u00f3n!\",\"breadcrumb\":{\"@id\":\"https:\\\/\\\/clauqsi.com\\\/ingenieria-agronomica-agricola-y-alimentaria#breadcrumb\"},\"inLanguage\":\"zh-Hans\",\"potentialAction\":[{\"@type\":\"ReadAction\",\"target\":[\"https:\\\/\\\/clauqsi.com\\\/ingenieria-agronomica-agricola-y-alimentaria\"]}]},{\"@type\":\"BreadcrumbList\",\"@id\":\"https:\\\/\\\/clauqsi.com\\\/ingenieria-agronomica-agricola-y-alimentaria#breadcrumb\",\"itemListElement\":[{\"@type\":\"ListItem\",\"position\":1,\"name\":\"Portada\",\"item\":\"https:\\\/\\\/clauqsi.com\\\/\"},{\"@type\":\"ListItem\",\"position\":2,\"name\":\"Ingenier\u00eda Agron\u00f3mica, Agr\u00edcola y Alimentaria\"}]},{\"@type\":\"WebSite\",\"@id\":\"https:\\\/\\\/clauqsi.com\\\/en\\\/#website\",\"url\":\"https:\\\/\\\/clauqsi.com\\\/en\\\/\",\"name\":\"Clau, quiero ser ingeniera\",\"description\":\"Una iniciativa para impulsar las carreras STEAM entre las chicas\",\"potentialAction\":[{\"@type\":\"SearchAction\",\"target\":{\"@type\":\"EntryPoint\",\"urlTemplate\":\"https:\\\/\\\/clauqsi.com\\\/en\\\/?s={search_term_string}\"},\"query-input\":{\"@type\":\"PropertyValueSpecification\",\"valueRequired\":true,\"valueName\":\"search_term_string\"}}],\"inLanguage\":\"zh-Hans\"}]}<\/script>\n<!-- \/ Yoast SEO plugin. -->","yoast_head_json":{"title":"\u519c\u827a\u548c\u98df\u54c1\u5de5\u7a0b\u804c\u4e1a\u751f\u6daf | CLAUQSI","description":"\u4e86\u89e3\u519c\u827a\u5b66\u548c\u98df\u54c1\u5de5\u7a0b\u4e13\u4e1a\u7684\u4e0d\u540c\u804c\u4e1a\uff0c\u4e86\u89e3\u6770\u51fa\u5973\u6027\u7684\u611f\u8a00\uff0c\u627e\u5230\u81ea\u5df1\u7684\u804c\u4e1a\uff01","robots":{"index":"index","follow":"follow","max-snippet":"max-snippet:-1","max-image-preview":"max-image-preview:large","max-video-preview":"max-video-preview:-1"},"canonical":"https:\/\/clauqsi.com\/zh\/\u519c\u4e1a\u4e0e\u98df\u54c1\u519c\u827a\u5de5\u7a0b\/","og_locale":"zh_CN","og_type":"article","og_title":"Carreras de Ingenier\u00eda Agron\u00f3mica y Alimentaria | CLAUQSI","og_description":"Explora las diferentes carreras de Ingenier\u00eda Agron\u00f3mica y Alimentaria con testimonios de mujeres referentes. \u00a1Encuentra tu vocaci\u00f3n!","og_url":"https:\/\/clauqsi.com\/zh\/\u519c\u4e1a\u4e0e\u98df\u54c1\u519c\u827a\u5de5\u7a0b\/","og_site_name":"Clau, quiero ser ingeniera","article_modified_time":"2026-03-30T11:44:44+00:00","twitter_card":"summary_large_image","twitter_misc":{"\u9884\u8ba1\u9605\u8bfb\u65f6\u95f4":"1 \u5206"},"schema":{"@context":"https:\/\/schema.org","@graph":[{"@type":"WebPage","@id":"https:\/\/clauqsi.com\/ingenieria-agronomica-agricola-y-alimentaria","url":"https:\/\/clauqsi.com\/ingenieria-agronomica-agricola-y-alimentaria","name":"\u519c\u827a\u548c\u98df\u54c1\u5de5\u7a0b\u804c\u4e1a\u751f\u6daf | CLAUQSI","isPartOf":{"@id":"https:\/\/clauqsi.com\/en\/#website"},"datePublished":"2026-02-02T12:03:06+00:00","dateModified":"2026-03-30T11:44:44+00:00","description":"\u4e86\u89e3\u519c\u827a\u5b66\u548c\u98df\u54c1\u5de5\u7a0b\u4e13\u4e1a\u7684\u4e0d\u540c\u804c\u4e1a\uff0c\u4e86\u89e3\u6770\u51fa\u5973\u6027\u7684\u611f\u8a00\uff0c\u627e\u5230\u81ea\u5df1\u7684\u804c\u4e1a\uff01","breadcrumb":{"@id":"https:\/\/clauqsi.com\/ingenieria-agronomica-agricola-y-alimentaria#breadcrumb"},"inLanguage":"zh-Hans","potentialAction":[{"@type":"ReadAction","target":["https:\/\/clauqsi.com\/ingenieria-agronomica-agricola-y-alimentaria"]}]},{"@type":"BreadcrumbList","@id":"https:\/\/clauqsi.com\/ingenieria-agronomica-agricola-y-alimentaria#breadcrumb","itemListElement":[{"@type":"ListItem","position":1,"name":"Portada","item":"https:\/\/clauqsi.com\/"},{"@type":"ListItem","position":2,"name":"Ingenier\u00eda Agron\u00f3mica, Agr\u00edcola y Alimentaria"}]},{"@type":"WebSite","@id":"https:\/\/clauqsi.com\/en\/#website","url":"https:\/\/clauqsi.com\/en\/","name":"\u514b\u52b3\uff0c\u6211\u60f3\u6210\u4e3a\u4e00\u540d\u5de5\u7a0b\u5e08","description":"\u4fc3\u8fdb\u5973\u5b69\u4ece\u4e8b STEAM \u804c\u4e1a\u7684\u5021\u8bae","potentialAction":[{"@type":"SearchAction","target":{"@type":"EntryPoint","urlTemplate":"https:\/\/clauqsi.com\/en\/?s={search_term_string}"},"query-input":{"@type":"PropertyValueSpecification","valueRequired":true,"valueName":"search_term_string"}}],"inLanguage":"zh-Hans"}]}},"_links":{"self":[{"href":"https:\/\/clauqsi.com\/zh\/wp-json\/wp\/v2\/pages\/1155","targetHints":{"allow":["GET"]}}],"collection":[{"href":"https:\/\/clauqsi.com\/zh\/wp-json\/wp\/v2\/pages"}],"about":[{"href":"https:\/\/clauqsi.com\/zh\/wp-json\/wp\/v2\/types\/page"}],"author":[{"embeddable":true,"href":"https:\/\/clauqsi.com\/zh\/wp-json\/wp\/v2\/users\/1"}],"replies":[{"embeddable":true,"href":"https:\/\/clauqsi.com\/zh\/wp-json\/wp\/v2\/comments?post=1155"}],"version-history":[{"count":8,"href":"https:\/\/clauqsi.com\/zh\/wp-json\/wp\/v2\/pages\/1155\/revisions"}],"predecessor-version":[{"id":2083,"href":"https:\/\/clauqsi.com\/zh\/wp-json\/wp\/v2\/pages\/1155\/revisions\/2083"}],"wp:attachment":[{"href":"https:\/\/clauqsi.com\/zh\/wp-json\/wp\/v2\/media?parent=1155"}],"curies":[{"name":"wp","href":"https:\/\/api.w.org\/{rel}","templated":true}]}}