{"id":1161,"date":"2026-02-02T12:05:27","date_gmt":"2026-02-02T12:05:27","guid":{"rendered":"https:\/\/clauqsi.com\/?page_id=1161"},"modified":"2026-03-30T11:46:20","modified_gmt":"2026-03-30T11:46:20","slug":"engenharia-civil-e-naval","status":"publish","type":"page","link":"https:\/\/clauqsi.com\/pt\/ingenieria-de-caminos-y-naval","title":{"rendered":"Engenharia Civil e Naval"},"content":{"rendered":"<div id=\"page-header-1661702857\" class=\"page-header-wrapper\">\n  <div class=\"page-title dark normal-title box-shadow-2\">\n\n        <div class=\"page-title-bg\">\n      <div class=\"title-bg fill bg-fill\"\n        data-parallax-container=\".page-title\"\n        data-parallax-background\n data-parallax=\"-\">\n      <\/div>\n      <div class=\"title-overlay fill\"><\/div>\n    <\/div>\n    \n    <div class=\"page-title-inner container align-center text-center flex-row-col medium-flex-wrap\" >\n              <div class=\"title-wrapper is-small flex-col\">\n          <h1 class=\"entry-title mb-0\">\n            Engenharia Civil e Naval          <\/h1>\n        <\/div>\n                    <div class=\"title-content flex-col\">\n              <\/div>\n    <\/div>\n\n     \n<style>\n#page-header-1661702857 .normal-title {\n  background-color: rgb(95, 94, 90);\n}\n<\/style>\n  <\/div>\n    <\/div>\n  \n<div class=\"is-divider divider clearfix\" style=\"max-width:1024px;\"><\/div>\n\n\t\t<div class=\"tabbed-content\">\n\t\t\t\n\t\t\t<ul class=\"nav nav-line nav-vertical nav-uppercase nav-size-normal nav-left\" role=\"tablist\"><li id=\"tab-ingenier\u00eda-de-caminos\" class=\"tab active has-icon\" role=\"presentation\"><a href=\"#tab_ingenier\u00eda-de-caminos\" role=\"tab\" aria-selected=\"true\" aria-controls=\"tab_ingenier\u00eda-de-caminos\"><span>Engenharia Civil<\/span><\/a><\/li>\n<li id=\"tab-ingenier\u00eda-naval\" class=\"tab has-icon\" role=\"presentation\"><a href=\"#tab_ingenier\u00eda-naval\" tabindex=\"-1\" role=\"tab\" aria-selected=\"false\" aria-controls=\"tab_ingenier\u00eda-naval\"><span>Engenharia Naval<\/span><\/a><\/li><\/ul><div class=\"tab-panels\"><div id=\"tab_ingenier\u00eda-de-caminos\" class=\"panel active entry-content\" role=\"tabpanel\" aria-labelledby=\"tab-ingenier\u00eda-de-caminos\">\n\n  \n    <div class=\"row large-columns-2 medium-columns-1 small-columns-1\" >\n  <div class=\"col post-item\" >\n\t\t\t<div class=\"col-inner\">\n\t\t\t\t<div class=\"box box-normal box-text-bottom box-blog-post has-hover\">\n            \t\t\t\t\t<div class=\"box-image\" >\n  \t\t\t\t\t\t<div class=\"image-zoom image-zoom image-cover\" style=\"padding-top:56%;\">\n\t\t\t\t\t\t\t<a href=\"https:\/\/clauqsi.com\/pt\/blog\/hajar-ingeniera-actriz-y-activista-construyendo-el-futuro-bajo-tierra\" class=\"plain\" aria-label=\"HAJAR: ENGENHEIRA, ACTRIZ E ACTIVISTA QUE CONSTR\u00d3I O FUTURO NO SUBSOLO\">\n\t\t\t\t\t\t\t\t<img decoding=\"async\" width=\"1020\" height=\"574\" data-src=\"https:\/\/clauqsi.com\/wp-content\/uploads\/2025\/03\/hajar-1024x576.jpg\" class=\"attachment-large size-large wp-post-image lazyload\" alt=\"\" data-srcset=\"https:\/\/clauqsi.com\/wp-content\/uploads\/2025\/03\/hajar-1024x576.jpg 1024w, https:\/\/clauqsi.com\/wp-content\/uploads\/2025\/03\/hajar-300x169.jpg 300w, https:\/\/clauqsi.com\/wp-content\/uploads\/2025\/03\/hajar-768x432.jpg 768w, https:\/\/clauqsi.com\/wp-content\/uploads\/2025\/03\/hajar.jpg 1280w\" data-sizes=\"(max-width: 1020px) 100vw, 1020px\" src=\"data:image\/svg+xml;base64,PHN2ZyB3aWR0aD0iMSIgaGVpZ2h0PSIxIiB4bWxucz0iaHR0cDovL3d3dy53My5vcmcvMjAwMC9zdmciPjwvc3ZnPg==\" style=\"--smush-placeholder-width: 1020px; --smush-placeholder-aspect-ratio: 1020\/574;\" \/>\t\t\t\t\t\t\t<\/a>\n  \t\t\t\t\t\t\t  \t\t\t\t\t\t\t  \t\t\t\t\t\t<\/div>\n  \t\t\t\t\t\t  \t\t\t\t\t<\/div>\n          \t\t\t\t\t<div class=\"box-text show-on-hover hover-bounce text-center is-large\" style=\"padding:1px 0px 10px 0px;\">\n\t\t\t\t\t<div class=\"box-text-inner blog-post-inner\">\n\n\t\t\t\t\t\n\t\t\t\t\t\t\t\t\t\t<h5 class=\"post-title is-small\">\n\t\t\t\t\t\t<a href=\"https:\/\/clauqsi.com\/pt\/blog\/hajar-ingeniera-actriz-y-activista-construyendo-el-futuro-bajo-tierra\" class=\"plain\">HAJAR: ENGENHEIRA, ACTRIZ E ACTIVISTA QUE CONSTR\u00d3I O FUTURO NO SUBSOLO<\/a>\n\t\t\t\t\t<\/h5>\n\t\t\t\t\t<div class=\"post-meta is-small op-8\">janeiro 27, 2025<\/div>\t\t\t\t\t<div class=\"is-divider\"><\/div>\n\t\t\t\t\t                    \n\t\t\t\t\t\n\t\t\t\t\t\n\t\t\t\t\t<\/div>\n\t\t\t\t\t<\/div>\n\t\t\t\t\t\t\t\t\t<\/div>\n\t\t\t<\/div>\n\t\t<\/div><div class=\"col post-item\" >\n\t\t\t<div class=\"col-inner\">\n\t\t\t\t<div class=\"box box-normal box-text-bottom box-blog-post has-hover\">\n            \t\t\t\t\t<div class=\"box-image\" >\n  \t\t\t\t\t\t<div class=\"image-zoom image-zoom image-cover\" style=\"padding-top:56%;\">\n\t\t\t\t\t\t\t<a href=\"https:\/\/clauqsi.com\/pt\/blog\/viajamos-a-estados-unidos-con-anna-manager-de-operaciones-de-autopistas-gigantes-en-ferrovial\" class=\"plain\" aria-label=\"VIAJAMOS PARA OS ESTADOS UNIDOS COM ANNA: GESTORA DE OPERA\u00c7\u00d5ES DE ESTRADAS GIGANTES NA FERROVIAL\">\n\t\t\t\t\t\t\t\t<img decoding=\"async\" width=\"1020\" height=\"574\" data-src=\"https:\/\/clauqsi.com\/wp-content\/uploads\/2025\/03\/anna-1024x576.webp\" class=\"attachment-large size-large wp-post-image lazyload\" alt=\"\" data-srcset=\"https:\/\/clauqsi.com\/wp-content\/uploads\/2025\/03\/anna-1024x576.webp 1024w, https:\/\/clauqsi.com\/wp-content\/uploads\/2025\/03\/anna-300x169.webp 300w, https:\/\/clauqsi.com\/wp-content\/uploads\/2025\/03\/anna-768x432.webp 768w, https:\/\/clauqsi.com\/wp-content\/uploads\/2025\/03\/anna.webp 1280w\" data-sizes=\"(max-width: 1020px) 100vw, 1020px\" src=\"data:image\/svg+xml;base64,PHN2ZyB3aWR0aD0iMSIgaGVpZ2h0PSIxIiB4bWxucz0iaHR0cDovL3d3dy53My5vcmcvMjAwMC9zdmciPjwvc3ZnPg==\" style=\"--smush-placeholder-width: 1020px; --smush-placeholder-aspect-ratio: 1020\/574;\" \/>\t\t\t\t\t\t\t<\/a>\n  \t\t\t\t\t\t\t  \t\t\t\t\t\t\t  \t\t\t\t\t\t<\/div>\n  \t\t\t\t\t\t  \t\t\t\t\t<\/div>\n          \t\t\t\t\t<div class=\"box-text show-on-hover hover-bounce text-center is-large\" style=\"padding:1px 0px 10px 0px;\">\n\t\t\t\t\t<div class=\"box-text-inner blog-post-inner\">\n\n\t\t\t\t\t\n\t\t\t\t\t\t\t\t\t\t<h5 class=\"post-title is-small\">\n\t\t\t\t\t\t<a href=\"https:\/\/clauqsi.com\/pt\/blog\/viajamos-a-estados-unidos-con-anna-manager-de-operaciones-de-autopistas-gigantes-en-ferrovial\" class=\"plain\">VIAJAMOS PARA OS ESTADOS UNIDOS COM ANNA: GESTORA DE OPERA\u00c7\u00d5ES DE ESTRADAS GIGANTES NA FERROVIAL<\/a>\n\t\t\t\t\t<\/h5>\n\t\t\t\t\t<div class=\"post-meta is-small op-8\">janeiro 20, 2025<\/div>\t\t\t\t\t<div class=\"is-divider\"><\/div>\n\t\t\t\t\t                    \n\t\t\t\t\t\n\t\t\t\t\t\n\t\t\t\t\t<\/div>\n\t\t\t\t\t<\/div>\n\t\t\t\t\t\t\t\t\t<\/div>\n\t\t\t<\/div>\n\t\t<\/div><div class=\"col post-item\" >\n\t\t\t<div class=\"col-inner\">\n\t\t\t\t<div class=\"box box-normal box-text-bottom box-blog-post has-hover\">\n            \t\t\t\t\t<div class=\"box-image\" >\n  \t\t\t\t\t\t<div class=\"image-zoom image-zoom image-cover\" style=\"padding-top:56%;\">\n\t\t\t\t\t\t\t<a href=\"https:\/\/clauqsi.com\/pt\/blog\/carlota-la-ingeniera-de-caminos-canales-y-puertos-que-cumplio-su-sueno-en-ferrovial\" class=\"plain\" aria-label=\"CARLOTA, A ENGENHEIRA CIVIL QUE REALIZOU O SEU SONHO NA FERROVIAL\">\n\t\t\t\t\t\t\t\t<img decoding=\"async\" width=\"1020\" height=\"574\" data-src=\"https:\/\/clauqsi.com\/wp-content\/uploads\/2024\/12\/CARLOTA-FERROVIAL-1024x576.jpg\" class=\"attachment-large size-large wp-post-image lazyload\" alt=\"\" data-srcset=\"https:\/\/clauqsi.com\/wp-content\/uploads\/2024\/12\/CARLOTA-FERROVIAL-1024x576.jpg 1024w, https:\/\/clauqsi.com\/wp-content\/uploads\/2024\/12\/CARLOTA-FERROVIAL-300x169.jpg 300w, https:\/\/clauqsi.com\/wp-content\/uploads\/2024\/12\/CARLOTA-FERROVIAL-768x432.jpg 768w, https:\/\/clauqsi.com\/wp-content\/uploads\/2024\/12\/CARLOTA-FERROVIAL-1536x864.jpg 1536w, https:\/\/clauqsi.com\/wp-content\/uploads\/2024\/12\/CARLOTA-FERROVIAL.jpg 1920w\" data-sizes=\"(max-width: 1020px) 100vw, 1020px\" src=\"data:image\/svg+xml;base64,PHN2ZyB3aWR0aD0iMSIgaGVpZ2h0PSIxIiB4bWxucz0iaHR0cDovL3d3dy53My5vcmcvMjAwMC9zdmciPjwvc3ZnPg==\" style=\"--smush-placeholder-width: 1020px; --smush-placeholder-aspect-ratio: 1020\/574;\" \/>\t\t\t\t\t\t\t<\/a>\n  \t\t\t\t\t\t\t  \t\t\t\t\t\t\t  \t\t\t\t\t\t<\/div>\n  \t\t\t\t\t\t  \t\t\t\t\t<\/div>\n          \t\t\t\t\t<div class=\"box-text show-on-hover hover-bounce text-center is-large\" style=\"padding:1px 0px 10px 0px;\">\n\t\t\t\t\t<div class=\"box-text-inner blog-post-inner\">\n\n\t\t\t\t\t\n\t\t\t\t\t\t\t\t\t\t<h5 class=\"post-title is-small\">\n\t\t\t\t\t\t<a href=\"https:\/\/clauqsi.com\/pt\/blog\/carlota-la-ingeniera-de-caminos-canales-y-puertos-que-cumplio-su-sueno-en-ferrovial\" class=\"plain\">CARLOTA, A ENGENHEIRA CIVIL QUE REALIZOU O SEU SONHO NA FERROVIAL<\/a>\n\t\t\t\t\t<\/h5>\n\t\t\t\t\t<div class=\"post-meta is-small op-8\">18 de novembro de 2024<\/div>\t\t\t\t\t<div class=\"is-divider\"><\/div>\n\t\t\t\t\t                    \n\t\t\t\t\t\n\t\t\t\t\t\n\t\t\t\t\t<\/div>\n\t\t\t\t\t<\/div>\n\t\t\t\t\t\t\t\t\t<\/div>\n\t\t\t<\/div>\n\t\t<\/div><div class=\"col post-item\" >\n\t\t\t<div class=\"col-inner\">\n\t\t\t\t<div class=\"box box-normal box-text-bottom box-blog-post has-hover\">\n            \t\t\t\t\t<div class=\"box-image\" >\n  \t\t\t\t\t\t<div class=\"image-zoom image-zoom image-cover\" style=\"padding-top:56%;\">\n\t\t\t\t\t\t\t<a href=\"https:\/\/clauqsi.com\/pt\/blog\/alessandra-ingeniera-civil-que-maravilla\" class=\"plain\" aria-label=\"ALESSANDRA, ENGENHEIRA CIVIL. QUE MARAVILHA\">\n\t\t\t\t\t\t\t\t<img decoding=\"async\" width=\"1020\" height=\"574\" data-src=\"https:\/\/clauqsi.com\/wp-content\/uploads\/2024\/03\/ALESSANDRA-WHITE-1024x576.jpg\" class=\"attachment-large size-large wp-post-image lazyload\" alt=\"\" data-srcset=\"https:\/\/clauqsi.com\/wp-content\/uploads\/2024\/03\/ALESSANDRA-WHITE-1024x576.jpg 1024w, https:\/\/clauqsi.com\/wp-content\/uploads\/2024\/03\/ALESSANDRA-WHITE-300x169.jpg 300w, https:\/\/clauqsi.com\/wp-content\/uploads\/2024\/03\/ALESSANDRA-WHITE-768x432.jpg 768w, https:\/\/clauqsi.com\/wp-content\/uploads\/2024\/03\/ALESSANDRA-WHITE-1536x864.jpg 1536w, https:\/\/clauqsi.com\/wp-content\/uploads\/2024\/03\/ALESSANDRA-WHITE.jpg 1920w\" data-sizes=\"(max-width: 1020px) 100vw, 1020px\" src=\"data:image\/svg+xml;base64,PHN2ZyB3aWR0aD0iMSIgaGVpZ2h0PSIxIiB4bWxucz0iaHR0cDovL3d3dy53My5vcmcvMjAwMC9zdmciPjwvc3ZnPg==\" style=\"--smush-placeholder-width: 1020px; --smush-placeholder-aspect-ratio: 1020\/574;\" \/>\t\t\t\t\t\t\t<\/a>\n  \t\t\t\t\t\t\t  \t\t\t\t\t\t\t  \t\t\t\t\t\t<\/div>\n  \t\t\t\t\t\t  \t\t\t\t\t<\/div>\n          \t\t\t\t\t<div class=\"box-text show-on-hover hover-bounce text-center is-large\" style=\"padding:1px 0px 10px 0px;\">\n\t\t\t\t\t<div class=\"box-text-inner blog-post-inner\">\n\n\t\t\t\t\t\n\t\t\t\t\t\t\t\t\t\t<h5 class=\"post-title is-small\">\n\t\t\t\t\t\t<a href=\"https:\/\/clauqsi.com\/pt\/blog\/alessandra-ingeniera-civil-que-maravilla\" class=\"plain\">ALESSANDRA, ENGENHEIRA CIVIL. QUE MARAVILHA<\/a>\n\t\t\t\t\t<\/h5>\n\t\t\t\t\t<div class=\"post-meta is-small op-8\">4 de mar\u00e7o de 2024<\/div>\t\t\t\t\t<div class=\"is-divider\"><\/div>\n\t\t\t\t\t                    \n\t\t\t\t\t\n\t\t\t\t\t\n\t\t\t\t\t<\/div>\n\t\t\t\t\t<\/div>\n\t\t\t\t\t\t\t\t\t<\/div>\n\t\t\t<\/div>\n\t\t<\/div><div class=\"col post-item\" >\n\t\t\t<div class=\"col-inner\">\n\t\t\t\t<div class=\"box box-normal box-text-bottom box-blog-post has-hover\">\n            \t\t\t\t\t<div class=\"box-image\" >\n  \t\t\t\t\t\t<div class=\"image-zoom image-zoom image-cover\" style=\"padding-top:56%;\">\n\t\t\t\t\t\t\t<a href=\"https:\/\/clauqsi.com\/pt\/blog\/constanza-ingeniera-de-caminos-upm\" class=\"plain\" aria-label=\"CONSTANZA. ENGENHEIRO CIVIL UPM\">\n\t\t\t\t\t\t\t\t<img decoding=\"async\" width=\"1020\" height=\"574\" data-src=\"https:\/\/clauqsi.com\/wp-content\/uploads\/2024\/02\/CONSTANZA-WHITE-1024x576.jpg\" class=\"attachment-large size-large wp-post-image lazyload\" alt=\"\" data-srcset=\"https:\/\/clauqsi.com\/wp-content\/uploads\/2024\/02\/CONSTANZA-WHITE-1024x576.jpg 1024w, https:\/\/clauqsi.com\/wp-content\/uploads\/2024\/02\/CONSTANZA-WHITE-300x169.jpg 300w, https:\/\/clauqsi.com\/wp-content\/uploads\/2024\/02\/CONSTANZA-WHITE-768x432.jpg 768w, https:\/\/clauqsi.com\/wp-content\/uploads\/2024\/02\/CONSTANZA-WHITE-1536x864.jpg 1536w, https:\/\/clauqsi.com\/wp-content\/uploads\/2024\/02\/CONSTANZA-WHITE.jpg 1920w\" data-sizes=\"(max-width: 1020px) 100vw, 1020px\" src=\"data:image\/svg+xml;base64,PHN2ZyB3aWR0aD0iMSIgaGVpZ2h0PSIxIiB4bWxucz0iaHR0cDovL3d3dy53My5vcmcvMjAwMC9zdmciPjwvc3ZnPg==\" style=\"--smush-placeholder-width: 1020px; --smush-placeholder-aspect-ratio: 1020\/574;\" \/>\t\t\t\t\t\t\t<\/a>\n  \t\t\t\t\t\t\t  \t\t\t\t\t\t\t  \t\t\t\t\t\t<\/div>\n  \t\t\t\t\t\t  \t\t\t\t\t<\/div>\n          \t\t\t\t\t<div class=\"box-text show-on-hover hover-bounce text-center is-large\" style=\"padding:1px 0px 10px 0px;\">\n\t\t\t\t\t<div class=\"box-text-inner blog-post-inner\">\n\n\t\t\t\t\t\n\t\t\t\t\t\t\t\t\t\t<h5 class=\"post-title is-small\">\n\t\t\t\t\t\t<a href=\"https:\/\/clauqsi.com\/pt\/blog\/constanza-ingeniera-de-caminos-upm\" class=\"plain\">CONSTANZA. ENGENHEIRO CIVIL UPM<\/a>\n\t\t\t\t\t<\/h5>\n\t\t\t\t\t<div class=\"post-meta is-small op-8\">5 de fevereiro de 2024<\/div>\t\t\t\t\t<div class=\"is-divider\"><\/div>\n\t\t\t\t\t                    \n\t\t\t\t\t\n\t\t\t\t\t\n\t\t\t\t\t<\/div>\n\t\t\t\t\t<\/div>\n\t\t\t\t\t\t\t\t\t<\/div>\n\t\t\t<\/div>\n\t\t<\/div><div class=\"col post-item\" >\n\t\t\t<div class=\"col-inner\">\n\t\t\t\t<div class=\"box box-normal box-text-bottom box-blog-post has-hover\">\n            \t\t\t\t\t<div class=\"box-image\" >\n  \t\t\t\t\t\t<div class=\"image-zoom image-zoom image-cover\" style=\"padding-top:56%;\">\n\t\t\t\t\t\t\t<a href=\"https:\/\/clauqsi.com\/pt\/blog\/bea-carracedo-ingeniera-de-caminos-ingenieria-es-tambien-bajar-al-barro\" class=\"plain\" aria-label=\"Bea Carracedo. Engenheira civil. Engenharia tamb\u00e9m significa ir para a lama\">\n\t\t\t\t\t\t\t\t<img decoding=\"async\" width=\"1020\" height=\"574\" data-src=\"https:\/\/clauqsi.com\/wp-content\/uploads\/2023\/02\/bea-white-1024x576.jpg\" class=\"attachment-large size-large wp-post-image lazyload\" alt=\"\" data-srcset=\"https:\/\/clauqsi.com\/wp-content\/uploads\/2023\/02\/bea-white-1024x576.jpg 1024w, https:\/\/clauqsi.com\/wp-content\/uploads\/2023\/02\/bea-white-300x169.jpg 300w, https:\/\/clauqsi.com\/wp-content\/uploads\/2023\/02\/bea-white-768x432.jpg 768w, https:\/\/clauqsi.com\/wp-content\/uploads\/2023\/02\/bea-white-1536x864.jpg 1536w, https:\/\/clauqsi.com\/wp-content\/uploads\/2023\/02\/bea-white.jpg 1920w\" data-sizes=\"(max-width: 1020px) 100vw, 1020px\" src=\"data:image\/svg+xml;base64,PHN2ZyB3aWR0aD0iMSIgaGVpZ2h0PSIxIiB4bWxucz0iaHR0cDovL3d3dy53My5vcmcvMjAwMC9zdmciPjwvc3ZnPg==\" style=\"--smush-placeholder-width: 1020px; --smush-placeholder-aspect-ratio: 1020\/574;\" \/>\t\t\t\t\t\t\t<\/a>\n  \t\t\t\t\t\t\t  \t\t\t\t\t\t\t  \t\t\t\t\t\t<\/div>\n  \t\t\t\t\t\t  \t\t\t\t\t<\/div>\n          \t\t\t\t\t<div class=\"box-text show-on-hover hover-bounce text-center is-large\" style=\"padding:1px 0px 10px 0px;\">\n\t\t\t\t\t<div class=\"box-text-inner blog-post-inner\">\n\n\t\t\t\t\t\n\t\t\t\t\t\t\t\t\t\t<h5 class=\"post-title is-small\">\n\t\t\t\t\t\t<a href=\"https:\/\/clauqsi.com\/pt\/blog\/bea-carracedo-ingeniera-de-caminos-ingenieria-es-tambien-bajar-al-barro\" class=\"plain\">Bea Carracedo. Engenheira civil. Engenharia tamb\u00e9m significa ir para a lama<\/a>\n\t\t\t\t\t<\/h5>\n\t\t\t\t\t<div class=\"post-meta is-small op-8\">23 de fevereiro de 2023<\/div>\t\t\t\t\t<div class=\"is-divider\"><\/div>\n\t\t\t\t\t                    \n\t\t\t\t\t\n\t\t\t\t\t\n\t\t\t\t\t<\/div>\n\t\t\t\t\t<\/div>\n\t\t\t\t\t\t\t\t\t<\/div>\n\t\t\t<\/div>\n\t\t<\/div><\/div>\n<\/div>\n<div id=\"tab_ingenier\u00eda-naval\" class=\"panel entry-content\" role=\"tabpanel\" aria-labelledby=\"tab-ingenier\u00eda-naval\">\n\n  \n    <div class=\"row large-columns-2 medium-columns-1 small-columns-1\" >\n  <div class=\"col post-item\" >\n\t\t\t<div class=\"col-inner\">\n\t\t\t\t<div class=\"box box-normal box-text-bottom box-blog-post has-hover\">\n            \t\t\t\t\t<div class=\"box-image\" >\n  \t\t\t\t\t\t<div class=\"image-zoom image-zoom image-cover\" style=\"padding-top:56%;\">\n\t\t\t\t\t\t\t<a href=\"https:\/\/clauqsi.com\/pt\/blog\/maria-saiz-ingeniera-naval-por-vocacion\" class=\"plain\" aria-label=\"MAR\u00cdA SAIZ, ENGENHEIRA NAVAL POR VOCA\u00c7\u00c3O.\">\n\t\t\t\t\t\t\t\t<img decoding=\"async\" width=\"1020\" height=\"574\" data-src=\"https:\/\/clauqsi.com\/wp-content\/uploads\/2024\/05\/MARIA-NAVAL-WHITE-1024x576.jpg\" class=\"attachment-large size-large wp-post-image lazyload\" alt=\"\" data-srcset=\"https:\/\/clauqsi.com\/wp-content\/uploads\/2024\/05\/MARIA-NAVAL-WHITE-1024x576.jpg 1024w, https:\/\/clauqsi.com\/wp-content\/uploads\/2024\/05\/MARIA-NAVAL-WHITE-300x169.jpg 300w, https:\/\/clauqsi.com\/wp-content\/uploads\/2024\/05\/MARIA-NAVAL-WHITE-768x432.jpg 768w, https:\/\/clauqsi.com\/wp-content\/uploads\/2024\/05\/MARIA-NAVAL-WHITE-1536x864.jpg 1536w, https:\/\/clauqsi.com\/wp-content\/uploads\/2024\/05\/MARIA-NAVAL-WHITE.jpg 1920w\" data-sizes=\"(max-width: 1020px) 100vw, 1020px\" src=\"data:image\/svg+xml;base64,PHN2ZyB3aWR0aD0iMSIgaGVpZ2h0PSIxIiB4bWxucz0iaHR0cDovL3d3dy53My5vcmcvMjAwMC9zdmciPjwvc3ZnPg==\" style=\"--smush-placeholder-width: 1020px; --smush-placeholder-aspect-ratio: 1020\/574;\" \/>\t\t\t\t\t\t\t<\/a>\n  \t\t\t\t\t\t\t  \t\t\t\t\t\t\t  \t\t\t\t\t\t<\/div>\n  \t\t\t\t\t\t  \t\t\t\t\t<\/div>\n          \t\t\t\t\t<div class=\"box-text show-on-hover hover-bounce text-center is-large\" style=\"padding:1px 0px 10px 0px;\">\n\t\t\t\t\t<div class=\"box-text-inner blog-post-inner\">\n\n\t\t\t\t\t\n\t\t\t\t\t\t\t\t\t\t<h5 class=\"post-title is-small\">\n\t\t\t\t\t\t<a href=\"https:\/\/clauqsi.com\/pt\/blog\/maria-saiz-ingeniera-naval-por-vocacion\" class=\"plain\">MAR\u00cdA SAIZ, ENGENHEIRA NAVAL POR VOCA\u00c7\u00c3O.<\/a>\n\t\t\t\t\t<\/h5>\n\t\t\t\t\t<div class=\"post-meta is-small op-8\">20 de maio de 2024<\/div>\t\t\t\t\t<div class=\"is-divider\"><\/div>\n\t\t\t\t\t                    \n\t\t\t\t\t\n\t\t\t\t\t\n\t\t\t\t\t<\/div>\n\t\t\t\t\t<\/div>\n\t\t\t\t\t\t\t\t\t<\/div>\n\t\t\t<\/div>\n\t\t<\/div><\/div>\n<\/div><\/div><\/div>\n<div class=\"is-divider divider clearfix\" style=\"max-width:1024px;\"><\/div>\n\t<div id=\"text-983326409\" class=\"text\">\n\t\t\n<p>Personalize a sua pesquisa utilizando o <strong>filtros laterais<\/strong> para encontrar epis\u00f3dios espec\u00edficos, ou clique em <strong>Carreiras em <a href=\"https:\/\/clauqsi.com\/pt\/blogue\/categoria\/engenharia-civil-e-naval\/\">Engenharia Civil e Naval<\/a><\/strong> para explorar a lista completa de entrevistas e experi\u00eancias neste sector.<\/p>\n<p>Quer mais? Junte-se \u00e0 nossa comunidade em\u00a0<strong><a href=\"https:\/\/www.instagram.com\/clau_qsi?igsh=MWxvN2EzcmpsdDZ3MQ==\">Instagram<\/a><\/strong>,\u00a0<strong><a href=\"https:\/\/www.tiktok.com\/@clau_qsi?_r=1&amp;_t=ZN-93WtFJfvNCg\">TikTok<\/a>,\u00a0<a href=\"https:\/\/open.spotify.com\/show\/7JD2xfJp1wnOBvCOzK8nam\">Spotify<\/a>\u00a0<\/strong>y <strong><a href=\"http:\/\/www.youtube.com\/@clau_qsi\">YouTube<\/a><\/strong>. Siga-nos para n\u00e3o perder um \u00fanico epis\u00f3dio!<\/p>\n\t\t\n<style>\n#text-983326409 {\n  font-size: 0.8rem;\n}\n<\/style>\n\t<\/div>","protected":false},"excerpt":{"rendered":"","protected":false},"author":1,"featured_media":0,"parent":0,"menu_order":0,"comment_status":"closed","ping_status":"closed","template":"","meta":{"footnotes":""},"class_list":["post-1161","page","type-page","status-publish","hentry"],"yoast_head":"<!-- This site is optimized with the Yoast SEO plugin v27.4 - https:\/\/yoast.com\/product\/yoast-seo-wordpress\/ -->\n<title>Carreras de Ingenier\u00eda de Caminos y Naval: Episodios | CLAUQSI<\/title>\n<meta name=\"description\" content=\"Explora las diferentes carreras de Ingenier\u00eda de Caminos y Naval con testimonios de mujeres referentes. \u00a1Encuentra tu vocaci\u00f3n en ClauQSI!\" \/>\n<meta name=\"robots\" content=\"index, follow, max-snippet:-1, max-image-preview:large, max-video-preview:-1\" \/>\n<link rel=\"canonical\" href=\"https:\/\/clauqsi.com\/pt\/engenharia-civil-e-naval\/\" \/>\n<meta property=\"og:locale\" content=\"pt_PT\" \/>\n<meta property=\"og:type\" content=\"article\" \/>\n<meta property=\"og:title\" content=\"Carreras de Ingenier\u00eda de Caminos y Naval: Episodios | CLAUQSI\" \/>\n<meta property=\"og:description\" content=\"Explora las diferentes carreras de Ingenier\u00eda de Caminos y Naval con testimonios de mujeres referentes. \u00a1Encuentra tu vocaci\u00f3n en ClauQSI!\" \/>\n<meta property=\"og:url\" content=\"https:\/\/clauqsi.com\/pt\/engenharia-civil-e-naval\/\" \/>\n<meta property=\"og:site_name\" content=\"Clau, quiero ser ingeniera\" \/>\n<meta property=\"article:modified_time\" content=\"2026-03-30T11:46:20+00:00\" \/>\n<meta name=\"twitter:card\" content=\"summary_large_image\" \/>\n<meta name=\"twitter:label1\" content=\"Tempo estimado de leitura\" \/>\n\t<meta name=\"twitter:data1\" content=\"1 minuto\" \/>\n<script type=\"application\/ld+json\" class=\"yoast-schema-graph\">{\"@context\":\"https:\\\/\\\/schema.org\",\"@graph\":[{\"@type\":\"WebPage\",\"@id\":\"https:\\\/\\\/clauqsi.com\\\/ingenieria-de-caminos-y-naval\",\"url\":\"https:\\\/\\\/clauqsi.com\\\/ingenieria-de-caminos-y-naval\",\"name\":\"Carreras de Ingenier\u00eda de Caminos y Naval: Episodios | CLAUQSI\",\"isPartOf\":{\"@id\":\"https:\\\/\\\/clauqsi.com\\\/en\\\/#website\"},\"datePublished\":\"2026-02-02T12:05:27+00:00\",\"dateModified\":\"2026-03-30T11:46:20+00:00\",\"description\":\"Explora las diferentes carreras de Ingenier\u00eda de Caminos y Naval con testimonios de mujeres referentes. \u00a1Encuentra tu vocaci\u00f3n en ClauQSI!\",\"breadcrumb\":{\"@id\":\"https:\\\/\\\/clauqsi.com\\\/ingenieria-de-caminos-y-naval#breadcrumb\"},\"inLanguage\":\"pt-PT\",\"potentialAction\":[{\"@type\":\"ReadAction\",\"target\":[\"https:\\\/\\\/clauqsi.com\\\/ingenieria-de-caminos-y-naval\"]}]},{\"@type\":\"BreadcrumbList\",\"@id\":\"https:\\\/\\\/clauqsi.com\\\/ingenieria-de-caminos-y-naval#breadcrumb\",\"itemListElement\":[{\"@type\":\"ListItem\",\"position\":1,\"name\":\"Portada\",\"item\":\"https:\\\/\\\/clauqsi.com\\\/\"},{\"@type\":\"ListItem\",\"position\":2,\"name\":\"Ingenier\u00eda de Caminos y Naval\"}]},{\"@type\":\"WebSite\",\"@id\":\"https:\\\/\\\/clauqsi.com\\\/en\\\/#website\",\"url\":\"https:\\\/\\\/clauqsi.com\\\/en\\\/\",\"name\":\"Clau, quiero ser ingeniera\",\"description\":\"Una iniciativa para impulsar las carreras STEAM entre las chicas\",\"potentialAction\":[{\"@type\":\"SearchAction\",\"target\":{\"@type\":\"EntryPoint\",\"urlTemplate\":\"https:\\\/\\\/clauqsi.com\\\/en\\\/?s={search_term_string}\"},\"query-input\":{\"@type\":\"PropertyValueSpecification\",\"valueRequired\":true,\"valueName\":\"search_term_string\"}}],\"inLanguage\":\"pt-PT\"}]}<\/script>\n<!-- \/ Yoast SEO plugin. -->","yoast_head_json":{"title":"Carreiras em Engenharia Civil e Naval: Epis\u00f3dios | CLAUQSI","description":"Explore as diferentes carreiras de Engenharia Civil e Naval com testemunhos de mulheres de renome e encontre a sua voca\u00e7\u00e3o no ClauQSI!","robots":{"index":"index","follow":"follow","max-snippet":"max-snippet:-1","max-image-preview":"max-image-preview:large","max-video-preview":"max-video-preview:-1"},"canonical":"https:\/\/clauqsi.com\/pt\/engenharia-civil-e-naval\/","og_locale":"pt_PT","og_type":"article","og_title":"Carreras de Ingenier\u00eda de Caminos y Naval: Episodios | CLAUQSI","og_description":"Explora las diferentes carreras de Ingenier\u00eda de Caminos y Naval con testimonios de mujeres referentes. \u00a1Encuentra tu vocaci\u00f3n en ClauQSI!","og_url":"https:\/\/clauqsi.com\/pt\/engenharia-civil-e-naval\/","og_site_name":"Clau, quiero ser ingeniera","article_modified_time":"2026-03-30T11:46:20+00:00","twitter_card":"summary_large_image","twitter_misc":{"Tempo estimado de leitura":"1 minuto"},"schema":{"@context":"https:\/\/schema.org","@graph":[{"@type":"WebPage","@id":"https:\/\/clauqsi.com\/ingenieria-de-caminos-y-naval","url":"https:\/\/clauqsi.com\/ingenieria-de-caminos-y-naval","name":"Carreiras em Engenharia Civil e Naval: Epis\u00f3dios | CLAUQSI","isPartOf":{"@id":"https:\/\/clauqsi.com\/en\/#website"},"datePublished":"2026-02-02T12:05:27+00:00","dateModified":"2026-03-30T11:46:20+00:00","description":"Explore as diferentes carreiras de Engenharia Civil e Naval com testemunhos de mulheres de renome e encontre a sua voca\u00e7\u00e3o no ClauQSI!","breadcrumb":{"@id":"https:\/\/clauqsi.com\/ingenieria-de-caminos-y-naval#breadcrumb"},"inLanguage":"pt-PT","potentialAction":[{"@type":"ReadAction","target":["https:\/\/clauqsi.com\/ingenieria-de-caminos-y-naval"]}]},{"@type":"BreadcrumbList","@id":"https:\/\/clauqsi.com\/ingenieria-de-caminos-y-naval#breadcrumb","itemListElement":[{"@type":"ListItem","position":1,"name":"Portada","item":"https:\/\/clauqsi.com\/"},{"@type":"ListItem","position":2,"name":"Ingenier\u00eda de Caminos y Naval"}]},{"@type":"WebSite","@id":"https:\/\/clauqsi.com\/en\/#website","url":"https:\/\/clauqsi.com\/en\/","name":"Clau, eu quero ser engenheiro","description":"Uma iniciativa para impulsionar as carreiras STEAM das raparigas","potentialAction":[{"@type":"SearchAction","target":{"@type":"EntryPoint","urlTemplate":"https:\/\/clauqsi.com\/en\/?s={search_term_string}"},"query-input":{"@type":"PropertyValueSpecification","valueRequired":true,"valueName":"search_term_string"}}],"inLanguage":"pt-PT"}]}},"_links":{"self":[{"href":"https:\/\/clauqsi.com\/pt\/wp-json\/wp\/v2\/pages\/1161","targetHints":{"allow":["GET"]}}],"collection":[{"href":"https:\/\/clauqsi.com\/pt\/wp-json\/wp\/v2\/pages"}],"about":[{"href":"https:\/\/clauqsi.com\/pt\/wp-json\/wp\/v2\/types\/page"}],"author":[{"embeddable":true,"href":"https:\/\/clauqsi.com\/pt\/wp-json\/wp\/v2\/users\/1"}],"replies":[{"embeddable":true,"href":"https:\/\/clauqsi.com\/pt\/wp-json\/wp\/v2\/comments?post=1161"}],"version-history":[{"count":9,"href":"https:\/\/clauqsi.com\/pt\/wp-json\/wp\/v2\/pages\/1161\/revisions"}],"predecessor-version":[{"id":2086,"href":"https:\/\/clauqsi.com\/pt\/wp-json\/wp\/v2\/pages\/1161\/revisions\/2086"}],"wp:attachment":[{"href":"https:\/\/clauqsi.com\/pt\/wp-json\/wp\/v2\/media?parent=1161"}],"curies":[{"name":"wp","href":"https:\/\/api.w.org\/{rel}","templated":true}]}}