{"id":1147,"date":"2026-02-02T12:00:19","date_gmt":"2026-02-02T12:00:19","guid":{"rendered":"https:\/\/clauqsi.com\/?page_id=1147"},"modified":"2026-03-30T11:41:43","modified_gmt":"2026-03-30T11:41:43","slug":"arquitetura-e-construcao","status":"publish","type":"page","link":"https:\/\/clauqsi.com\/pt\/arquitectura-y-edificacion","title":{"rendered":"Arquitetura e constru\u00e7\u00e3o"},"content":{"rendered":"<div id=\"page-header-1485921828\" class=\"page-header-wrapper\">\n  <div class=\"page-title dark normal-title box-shadow-2\">\n\n        <div class=\"page-title-bg\">\n      <div class=\"title-bg fill bg-fill\"\n        data-parallax-container=\".page-title\"\n        data-parallax-background\n data-parallax=\"-\">\n      <\/div>\n      <div class=\"title-overlay fill\"><\/div>\n    <\/div>\n    \n    <div class=\"page-title-inner container align-center text-center flex-row-col medium-flex-wrap\" >\n              <div class=\"title-wrapper is-small flex-col\">\n          <h1 class=\"entry-title mb-0\">\n            Arquitetura e constru\u00e7\u00e3o          <\/h1>\n        <\/div>\n                    <div class=\"title-content flex-col\">\n              <\/div>\n    <\/div>\n\n     \n<style>\n#page-header-1485921828 .normal-title {\n  background-color: rgb(132, 126, 205);\n}\n<\/style>\n  <\/div>\n    <\/div>\n  \n\n<div class=\"is-divider divider clearfix\" style=\"max-width:1024px;\"><\/div>\n\n\n\t\t<div class=\"tabbed-content\">\n\t\t\t\n\t\t\t<ul class=\"nav nav-line nav-vertical nav-uppercase nav-size-normal nav-left\" role=\"tablist\"><li id=\"tab-arquitectura\" class=\"tab active has-icon\" role=\"presentation\"><a href=\"#tab_arquitectura\" role=\"tab\" aria-selected=\"true\" aria-controls=\"tab_arquitectura\"><span>Arquitetura<\/span><\/a><\/li>\n<li id=\"tab-edificaci\u00f3n\" class=\"tab has-icon\" role=\"presentation\"><a href=\"#tab_edificaci\u00f3n\" tabindex=\"-1\" role=\"tab\" aria-selected=\"false\" aria-controls=\"tab_edificaci\u00f3n\"><span>Edif\u00edcio<\/span><\/a><\/li><\/ul><div class=\"tab-panels\"><div id=\"tab_arquitectura\" class=\"panel active entry-content\" role=\"tabpanel\" aria-labelledby=\"tab-arquitectura\">\n\n\n  \n    <div class=\"row blocco-blog large-columns-2 medium-columns-2 small-columns-1\" >\n  <div class=\"col post-item\" >\n\t\t\t<div class=\"col-inner\">\n\t\t\t\t<div class=\"box box-normal box-text-bottom box-blog-post has-hover\">\n            \t\t\t\t\t<div class=\"box-image\" >\n  \t\t\t\t\t\t<div class=\"image-zoom image-zoom image-cover\" style=\"padding-top:56%;\">\n\t\t\t\t\t\t\t<a href=\"https:\/\/clauqsi.com\/pt\/blog\/construir-un-hospital-super-moderno-e-innovador\" class=\"plain\" aria-label=\"Construir un hospital s\u00faper moderno e innovador en Mil\u00e1n | 4&#215;03\">\n\t\t\t\t\t\t\t\t<img decoding=\"async\" width=\"1020\" height=\"574\" data-src=\"https:\/\/clauqsi.com\/wp-content\/uploads\/2025\/12\/4x03-1024x576.webp\" class=\"attachment-large size-large wp-post-image lazyload\" alt=\"Clau e Giulia com capacetes brancos e coletes de alta visibilidade no estaleiro de constru\u00e7\u00e3o do Hospital Policlinico em Mil\u00e3o.\" data-srcset=\"https:\/\/clauqsi.com\/wp-content\/uploads\/2025\/12\/4x03-1024x576.webp 1024w, https:\/\/clauqsi.com\/wp-content\/uploads\/2025\/12\/4x03-300x169.webp 300w, https:\/\/clauqsi.com\/wp-content\/uploads\/2025\/12\/4x03-768x432.webp 768w, https:\/\/clauqsi.com\/wp-content\/uploads\/2025\/12\/4x03-18x10.webp 18w, https:\/\/clauqsi.com\/wp-content\/uploads\/2025\/12\/4x03.webp 1280w\" data-sizes=\"(max-width: 1020px) 100vw, 1020px\" src=\"data:image\/svg+xml;base64,PHN2ZyB3aWR0aD0iMSIgaGVpZ2h0PSIxIiB4bWxucz0iaHR0cDovL3d3dy53My5vcmcvMjAwMC9zdmciPjwvc3ZnPg==\" style=\"--smush-placeholder-width: 1020px; --smush-placeholder-aspect-ratio: 1020\/574;\" \/>\t\t\t\t\t\t\t<\/a>\n  \t\t\t\t\t\t\t<div class=\"overlay\" style=\"background-color: rgba(0, 0, 0, 0.09)\"><\/div>  \t\t\t\t\t\t\t  \t\t\t\t\t\t<\/div>\n  \t\t\t\t\t\t  \t\t\t\t\t<\/div>\n          \t\t\t\t\t<div class=\"box-text show-on-hover hover-bounce text-center is-large\" style=\"padding:1% 0px 10% 0px;\">\n\t\t\t\t\t<div class=\"box-text-inner blog-post-inner\">\n\n\t\t\t\t\t\n\t\t\t\t\t\t\t\t\t\t<h5 class=\"post-title is-small\">\n\t\t\t\t\t\t<a href=\"https:\/\/clauqsi.com\/pt\/blog\/construir-un-hospital-super-moderno-e-innovador\" class=\"plain\">Constru\u00e7\u00e3o de um hospital super moderno e inovador em Mil\u00e3o | 4\u00d703<\/a>\n\t\t\t\t\t<\/h5>\n\t\t\t\t\t<div class=\"post-meta is-small op-8\">3 de novembro de 2025<\/div>\t\t\t\t\t<div class=\"is-divider\"><\/div>\n\t\t\t\t\t                    \n\t\t\t\t\t\n\t\t\t\t\t\n\t\t\t\t\t<\/div>\n\t\t\t\t\t<\/div>\n\t\t\t\t\t\t\t\t\t<\/div>\n\t\t\t<\/div>\n\t\t<\/div><div class=\"col post-item\" >\n\t\t\t<div class=\"col-inner\">\n\t\t\t\t<div class=\"box box-normal box-text-bottom box-blog-post has-hover\">\n            \t\t\t\t\t<div class=\"box-image\" >\n  \t\t\t\t\t\t<div class=\"image-zoom image-zoom image-cover\" style=\"padding-top:56%;\">\n\t\t\t\t\t\t\t<a href=\"https:\/\/clauqsi.com\/pt\/blog\/paula-arquitecta-clau-quiero-ser-ingeniera-3x34-la-mezcla-definitiva-de-creatividad-y-tecnica\" class=\"plain\" aria-label=\"Paula, ARQUITECTA | Clau, quiero ser ingeniera 3&#215;34 | La mezcla definitiva de creatividad y t\u00e9cnica\">\n\t\t\t\t\t\t\t\t<img decoding=\"async\" width=\"1020\" height=\"574\" data-src=\"https:\/\/clauqsi.com\/wp-content\/uploads\/2025\/04\/Paula-arquitecta-1024x576.webp\" class=\"attachment-large size-large wp-post-image lazyload\" alt=\"\" data-srcset=\"https:\/\/clauqsi.com\/wp-content\/uploads\/2025\/04\/Paula-arquitecta-1024x576.webp 1024w, https:\/\/clauqsi.com\/wp-content\/uploads\/2025\/04\/Paula-arquitecta-300x169.webp 300w, https:\/\/clauqsi.com\/wp-content\/uploads\/2025\/04\/Paula-arquitecta-768x432.webp 768w, https:\/\/clauqsi.com\/wp-content\/uploads\/2025\/04\/Paula-arquitecta.webp 1280w\" data-sizes=\"(max-width: 1020px) 100vw, 1020px\" src=\"data:image\/svg+xml;base64,PHN2ZyB3aWR0aD0iMSIgaGVpZ2h0PSIxIiB4bWxucz0iaHR0cDovL3d3dy53My5vcmcvMjAwMC9zdmciPjwvc3ZnPg==\" style=\"--smush-placeholder-width: 1020px; --smush-placeholder-aspect-ratio: 1020\/574;\" \/>\t\t\t\t\t\t\t<\/a>\n  \t\t\t\t\t\t\t<div class=\"overlay\" style=\"background-color: rgba(0, 0, 0, 0.09)\"><\/div>  \t\t\t\t\t\t\t  \t\t\t\t\t\t<\/div>\n  \t\t\t\t\t\t  \t\t\t\t\t<\/div>\n          \t\t\t\t\t<div class=\"box-text show-on-hover hover-bounce text-center is-large\" style=\"padding:1% 0px 10% 0px;\">\n\t\t\t\t\t<div class=\"box-text-inner blog-post-inner\">\n\n\t\t\t\t\t\n\t\t\t\t\t\t\t\t\t\t<h5 class=\"post-title is-small\">\n\t\t\t\t\t\t<a href=\"https:\/\/clauqsi.com\/pt\/blog\/paula-arquitecta-clau-quiero-ser-ingeniera-3x34-la-mezcla-definitiva-de-creatividad-y-tecnica\" class=\"plain\">Paula, ARQUITECTA | Clau, quero ser engenheira 3\u00d734 | A derradeira mistura de criatividade e tecnologia<\/a>\n\t\t\t\t\t<\/h5>\n\t\t\t\t\t<div class=\"post-meta is-small op-8\">21 de abril de 2025<\/div>\t\t\t\t\t<div class=\"is-divider\"><\/div>\n\t\t\t\t\t                    \n\t\t\t\t\t\n\t\t\t\t\t\n\t\t\t\t\t<\/div>\n\t\t\t\t\t<\/div>\n\t\t\t\t\t\t\t\t\t<\/div>\n\t\t\t<\/div>\n\t\t<\/div><div class=\"col post-item\" >\n\t\t\t<div class=\"col-inner\">\n\t\t\t\t<div class=\"box box-normal box-text-bottom box-blog-post has-hover\">\n            \t\t\t\t\t<div class=\"box-image\" >\n  \t\t\t\t\t\t<div class=\"image-zoom image-zoom image-cover\" style=\"padding-top:56%;\">\n\t\t\t\t\t\t\t<a href=\"https:\/\/clauqsi.com\/pt\/blog\/alejandra-la-arquitecta-que-ha-cumplido-su-sueno-ejerciendo-su-profesion-dentro-de-la-escenografia\" class=\"plain\" aria-label=\"ALEJANDRA: A arquiteta que realizou o seu sonho, exercendo a sua profiss\u00e3o na cenografia.\">\n\t\t\t\t\t\t\t\t<img decoding=\"async\" width=\"1020\" height=\"574\" data-src=\"https:\/\/clauqsi.com\/wp-content\/uploads\/2025\/04\/Alejandra-Arq-1024x576.jpg\" class=\"attachment-large size-large wp-post-image lazyload\" alt=\"\" data-srcset=\"https:\/\/clauqsi.com\/wp-content\/uploads\/2025\/04\/Alejandra-Arq-1024x576.jpg 1024w, https:\/\/clauqsi.com\/wp-content\/uploads\/2025\/04\/Alejandra-Arq-300x169.jpg 300w, https:\/\/clauqsi.com\/wp-content\/uploads\/2025\/04\/Alejandra-Arq-768x432.jpg 768w, https:\/\/clauqsi.com\/wp-content\/uploads\/2025\/04\/Alejandra-Arq.jpg 1280w\" data-sizes=\"(max-width: 1020px) 100vw, 1020px\" src=\"data:image\/svg+xml;base64,PHN2ZyB3aWR0aD0iMSIgaGVpZ2h0PSIxIiB4bWxucz0iaHR0cDovL3d3dy53My5vcmcvMjAwMC9zdmciPjwvc3ZnPg==\" style=\"--smush-placeholder-width: 1020px; --smush-placeholder-aspect-ratio: 1020\/574;\" \/>\t\t\t\t\t\t\t<\/a>\n  \t\t\t\t\t\t\t<div class=\"overlay\" style=\"background-color: rgba(0, 0, 0, 0.09)\"><\/div>  \t\t\t\t\t\t\t  \t\t\t\t\t\t<\/div>\n  \t\t\t\t\t\t  \t\t\t\t\t<\/div>\n          \t\t\t\t\t<div class=\"box-text show-on-hover hover-bounce text-center is-large\" style=\"padding:1% 0px 10% 0px;\">\n\t\t\t\t\t<div class=\"box-text-inner blog-post-inner\">\n\n\t\t\t\t\t\n\t\t\t\t\t\t\t\t\t\t<h5 class=\"post-title is-small\">\n\t\t\t\t\t\t<a href=\"https:\/\/clauqsi.com\/pt\/blog\/alejandra-la-arquitecta-que-ha-cumplido-su-sueno-ejerciendo-su-profesion-dentro-de-la-escenografia\" class=\"plain\">ALEJANDRA: A arquiteta que realizou o seu sonho, exercendo a sua profiss\u00e3o na cenografia.<\/a>\n\t\t\t\t\t<\/h5>\n\t\t\t\t\t<div class=\"post-meta is-small op-8\">24 de mar\u00e7o de 2025<\/div>\t\t\t\t\t<div class=\"is-divider\"><\/div>\n\t\t\t\t\t                    \n\t\t\t\t\t\n\t\t\t\t\t\n\t\t\t\t\t<\/div>\n\t\t\t\t\t<\/div>\n\t\t\t\t\t\t\t\t\t<\/div>\n\t\t\t<\/div>\n\t\t<\/div><\/div>\n\n\n<\/div>\n<div id=\"tab_edificaci\u00f3n\" class=\"panel entry-content\" role=\"tabpanel\" aria-labelledby=\"tab-edificaci\u00f3n\">\n\n\n  \n    <div class=\"row large-columns-2 medium-columns- small-columns-1\" >\n  <div class=\"col post-item\" >\n\t\t\t<div class=\"col-inner\">\n\t\t\t\t<div class=\"box box-default box-text-bottom box-blog-post has-hover\">\n            \t\t\t\t\t<div class=\"box-image\" >\n  \t\t\t\t\t\t<div class=\"image-zoom image-zoom image-cover\" style=\"padding-top:56%;\">\n\t\t\t\t\t\t\t<a href=\"https:\/\/clauqsi.com\/pt\/blog\/terremotos-edificacion-29-matriculas-de-honor-y-enamorada-de-su-carrera-aqui-esta-celia\" class=\"plain\" aria-label=\"TERRAMOTOS, CONSTRU\u00c7\u00c3O, 29 HONRAS E APAIXONADA PELA SUA CARREIRA. AQUI EST\u00c1 C\u00c9LIA.\">\n\t\t\t\t\t\t\t\t<img decoding=\"async\" width=\"1020\" height=\"574\" data-src=\"https:\/\/clauqsi.com\/wp-content\/uploads\/2024\/12\/CELIA-001-1024x576.jpg\" class=\"attachment-large size-large wp-post-image lazyload\" alt=\"\" data-srcset=\"https:\/\/clauqsi.com\/wp-content\/uploads\/2024\/12\/CELIA-001-1024x576.jpg 1024w, https:\/\/clauqsi.com\/wp-content\/uploads\/2024\/12\/CELIA-001-300x169.jpg 300w, https:\/\/clauqsi.com\/wp-content\/uploads\/2024\/12\/CELIA-001-768x432.jpg 768w, https:\/\/clauqsi.com\/wp-content\/uploads\/2024\/12\/CELIA-001-1536x864.jpg 1536w, https:\/\/clauqsi.com\/wp-content\/uploads\/2024\/12\/CELIA-001.jpg 1920w\" data-sizes=\"(max-width: 1020px) 100vw, 1020px\" src=\"data:image\/svg+xml;base64,PHN2ZyB3aWR0aD0iMSIgaGVpZ2h0PSIxIiB4bWxucz0iaHR0cDovL3d3dy53My5vcmcvMjAwMC9zdmciPjwvc3ZnPg==\" style=\"--smush-placeholder-width: 1020px; --smush-placeholder-aspect-ratio: 1020\/574;\" \/>\t\t\t\t\t\t\t<\/a>\n  \t\t\t\t\t\t\t<div class=\"overlay\" style=\"background-color: rgba(0, 0, 0, 0.09)\"><\/div>  \t\t\t\t\t\t\t  \t\t\t\t\t\t<\/div>\n  \t\t\t\t\t\t  \t\t\t\t\t<\/div>\n          \t\t\t\t\t<div class=\"box-text show-on-hover hover-bounce text-center is-large\" style=\"padding:1% 0px 10% 0px;\">\n\t\t\t\t\t<div class=\"box-text-inner blog-post-inner\">\n\n\t\t\t\t\t\n\t\t\t\t\t\t\t\t\t\t<h5 class=\"post-title is-small\">\n\t\t\t\t\t\t<a href=\"https:\/\/clauqsi.com\/pt\/blog\/terremotos-edificacion-29-matriculas-de-honor-y-enamorada-de-su-carrera-aqui-esta-celia\" class=\"plain\">TERRAMOTOS, CONSTRU\u00c7\u00c3O, 29 HONRAS E APAIXONADA PELA SUA CARREIRA. AQUI EST\u00c1 C\u00c9LIA.<\/a>\n\t\t\t\t\t<\/h5>\n\t\t\t\t\t<div class=\"post-meta is-small op-8\">11 de novembro de 2024<\/div>\t\t\t\t\t<div class=\"is-divider\"><\/div>\n\t\t\t\t\t                    \n\t\t\t\t\t\n\t\t\t\t\t\n\t\t\t\t\t<\/div>\n\t\t\t\t\t<\/div>\n\t\t\t\t\t\t\t\t\t<\/div>\n\t\t\t<\/div>\n\t\t<\/div><\/div>\n\n\n<\/div><\/div><\/div>\n<div class=\"is-divider divider clearfix\" style=\"max-width:1024px;\"><\/div>\n\n\t<div id=\"text-2345231888\" class=\"text\">\n\t\t\n\nPersonalize a sua pesquisa utilizando o <strong>filtros laterais<\/strong> para encontrar epis\u00f3dios espec\u00edficos, ou clique em <strong>Carreiras em <a href=\"https:\/\/clauqsi.com\/pt\/blogue\/categoria\/arquitetura-e-construcao\/\">Arquitetura e constru\u00e7\u00e3o<\/a><\/strong> para explorar el listado completo de entrevistas y experiencias de este sector.\r\n\r\n\u00bfQuieres m\u00e1s? \u00danete a nuestra comunidad en\u00a0<strong><a href=\"https:\/\/www.instagram.com\/clau_qsi?igsh=MWxvN2EzcmpsdDZ3MQ==\">Instagram<\/a><\/strong>,\u00a0<strong><a href=\"https:\/\/www.tiktok.com\/@clau_qsi?_r=1&amp;_t=ZN-93WtFJfvNCg\">TikTok<\/a>,\u00a0<a href=\"https:\/\/open.spotify.com\/show\/7JD2xfJp1wnOBvCOzK8nam\">Spotify<\/a>\u00a0<\/strong>y <strong><a href=\"http:\/\/www.youtube.com\/@clau_qsi\">YouTube<\/a><\/strong>. Siga-nos para n\u00e3o perder um \u00fanico epis\u00f3dio!\n\t\t\n<style>\n#text-2345231888 {\n  font-size: 0.8rem;\n}\n<\/style>\n\t<\/div>","protected":false},"excerpt":{"rendered":"","protected":false},"author":1,"featured_media":0,"parent":0,"menu_order":0,"comment_status":"closed","ping_status":"closed","template":"","meta":{"footnotes":""},"class_list":["post-1147","page","type-page","status-publish","hentry"],"yoast_head":"<!-- This site is optimized with the Yoast SEO plugin v27.4 - https:\/\/yoast.com\/product\/yoast-seo-wordpress\/ -->\n<title>Carreras de Arquitectura y Edificaci\u00f3n: Episodios | CLAUQSI<\/title>\n<meta name=\"description\" content=\"Explora las diferentes carreras de Arquitectura y Edificaci\u00f3n con testimonios de mujeres referentes. \u00a1Encuentra tu vocaci\u00f3n en ClauQSI!\" \/>\n<meta name=\"robots\" content=\"index, follow, max-snippet:-1, max-image-preview:large, max-video-preview:-1\" \/>\n<link rel=\"canonical\" href=\"https:\/\/clauqsi.com\/pt\/arquitetura-e-construcao\/\" \/>\n<meta property=\"og:locale\" content=\"pt_PT\" \/>\n<meta property=\"og:type\" content=\"article\" \/>\n<meta property=\"og:title\" content=\"Carreras de Arquitectura y Edificaci\u00f3n: Episodios | CLAUQSI\" \/>\n<meta property=\"og:description\" content=\"Explora las diferentes carreras de Arquitectura y Edificaci\u00f3n con testimonios de mujeres referentes. \u00a1Encuentra tu vocaci\u00f3n en ClauQSI!\" \/>\n<meta property=\"og:url\" content=\"https:\/\/clauqsi.com\/pt\/arquitetura-e-construcao\/\" \/>\n<meta property=\"og:site_name\" content=\"Clau, quiero ser ingeniera\" \/>\n<meta property=\"article:modified_time\" content=\"2026-03-30T11:41:43+00:00\" \/>\n<meta name=\"twitter:card\" content=\"summary_large_image\" \/>\n<meta name=\"twitter:label1\" content=\"Tempo estimado de leitura\" \/>\n\t<meta name=\"twitter:data1\" content=\"1 minuto\" \/>\n<script type=\"application\/ld+json\" class=\"yoast-schema-graph\">{\"@context\":\"https:\\\/\\\/schema.org\",\"@graph\":[{\"@type\":\"WebPage\",\"@id\":\"https:\\\/\\\/clauqsi.com\\\/arquitectura-y-edificacion\",\"url\":\"https:\\\/\\\/clauqsi.com\\\/arquitectura-y-edificacion\",\"name\":\"Carreras de Arquitectura y Edificaci\u00f3n: Episodios | CLAUQSI\",\"isPartOf\":{\"@id\":\"https:\\\/\\\/clauqsi.com\\\/en\\\/#website\"},\"datePublished\":\"2026-02-02T12:00:19+00:00\",\"dateModified\":\"2026-03-30T11:41:43+00:00\",\"description\":\"Explora las diferentes carreras de Arquitectura y Edificaci\u00f3n con testimonios de mujeres referentes. \u00a1Encuentra tu vocaci\u00f3n en ClauQSI!\",\"breadcrumb\":{\"@id\":\"https:\\\/\\\/clauqsi.com\\\/arquitectura-y-edificacion#breadcrumb\"},\"inLanguage\":\"pt-PT\",\"potentialAction\":[{\"@type\":\"ReadAction\",\"target\":[\"https:\\\/\\\/clauqsi.com\\\/arquitectura-y-edificacion\"]}]},{\"@type\":\"BreadcrumbList\",\"@id\":\"https:\\\/\\\/clauqsi.com\\\/arquitectura-y-edificacion#breadcrumb\",\"itemListElement\":[{\"@type\":\"ListItem\",\"position\":1,\"name\":\"Portada\",\"item\":\"https:\\\/\\\/clauqsi.com\\\/\"},{\"@type\":\"ListItem\",\"position\":2,\"name\":\"Arquitectura y Edificaci\u00f3n\"}]},{\"@type\":\"WebSite\",\"@id\":\"https:\\\/\\\/clauqsi.com\\\/en\\\/#website\",\"url\":\"https:\\\/\\\/clauqsi.com\\\/en\\\/\",\"name\":\"Clau, quiero ser ingeniera\",\"description\":\"Una iniciativa para impulsar las carreras STEAM entre las chicas\",\"potentialAction\":[{\"@type\":\"SearchAction\",\"target\":{\"@type\":\"EntryPoint\",\"urlTemplate\":\"https:\\\/\\\/clauqsi.com\\\/en\\\/?s={search_term_string}\"},\"query-input\":{\"@type\":\"PropertyValueSpecification\",\"valueRequired\":true,\"valueName\":\"search_term_string\"}}],\"inLanguage\":\"pt-PT\"}]}<\/script>\n<!-- \/ Yoast SEO plugin. -->","yoast_head_json":{"title":"Carreiras em arquitetura e constru\u00e7\u00e3o: Epis\u00f3dios | CLAUQSI","description":"Explore as diferentes carreiras de Arquitetura e Constru\u00e7\u00e3o com testemunhos de mulheres de renome e encontre a sua voca\u00e7\u00e3o no ClauQSI!","robots":{"index":"index","follow":"follow","max-snippet":"max-snippet:-1","max-image-preview":"max-image-preview:large","max-video-preview":"max-video-preview:-1"},"canonical":"https:\/\/clauqsi.com\/pt\/arquitetura-e-construcao\/","og_locale":"pt_PT","og_type":"article","og_title":"Carreras de Arquitectura y Edificaci\u00f3n: Episodios | CLAUQSI","og_description":"Explora las diferentes carreras de Arquitectura y Edificaci\u00f3n con testimonios de mujeres referentes. \u00a1Encuentra tu vocaci\u00f3n en ClauQSI!","og_url":"https:\/\/clauqsi.com\/pt\/arquitetura-e-construcao\/","og_site_name":"Clau, quiero ser ingeniera","article_modified_time":"2026-03-30T11:41:43+00:00","twitter_card":"summary_large_image","twitter_misc":{"Tempo estimado de leitura":"1 minuto"},"schema":{"@context":"https:\/\/schema.org","@graph":[{"@type":"WebPage","@id":"https:\/\/clauqsi.com\/arquitectura-y-edificacion","url":"https:\/\/clauqsi.com\/arquitectura-y-edificacion","name":"Carreiras em arquitetura e constru\u00e7\u00e3o: Epis\u00f3dios | CLAUQSI","isPartOf":{"@id":"https:\/\/clauqsi.com\/en\/#website"},"datePublished":"2026-02-02T12:00:19+00:00","dateModified":"2026-03-30T11:41:43+00:00","description":"Explore as diferentes carreiras de Arquitetura e Constru\u00e7\u00e3o com testemunhos de mulheres de renome e encontre a sua voca\u00e7\u00e3o no ClauQSI!","breadcrumb":{"@id":"https:\/\/clauqsi.com\/arquitectura-y-edificacion#breadcrumb"},"inLanguage":"pt-PT","potentialAction":[{"@type":"ReadAction","target":["https:\/\/clauqsi.com\/arquitectura-y-edificacion"]}]},{"@type":"BreadcrumbList","@id":"https:\/\/clauqsi.com\/arquitectura-y-edificacion#breadcrumb","itemListElement":[{"@type":"ListItem","position":1,"name":"Portada","item":"https:\/\/clauqsi.com\/"},{"@type":"ListItem","position":2,"name":"Arquitectura y Edificaci\u00f3n"}]},{"@type":"WebSite","@id":"https:\/\/clauqsi.com\/en\/#website","url":"https:\/\/clauqsi.com\/en\/","name":"Clau, eu quero ser engenheiro","description":"Uma iniciativa para impulsionar as carreiras STEAM das raparigas","potentialAction":[{"@type":"SearchAction","target":{"@type":"EntryPoint","urlTemplate":"https:\/\/clauqsi.com\/en\/?s={search_term_string}"},"query-input":{"@type":"PropertyValueSpecification","valueRequired":true,"valueName":"search_term_string"}}],"inLanguage":"pt-PT"}]}},"_links":{"self":[{"href":"https:\/\/clauqsi.com\/pt\/wp-json\/wp\/v2\/pages\/1147","targetHints":{"allow":["GET"]}}],"collection":[{"href":"https:\/\/clauqsi.com\/pt\/wp-json\/wp\/v2\/pages"}],"about":[{"href":"https:\/\/clauqsi.com\/pt\/wp-json\/wp\/v2\/types\/page"}],"author":[{"embeddable":true,"href":"https:\/\/clauqsi.com\/pt\/wp-json\/wp\/v2\/users\/1"}],"replies":[{"embeddable":true,"href":"https:\/\/clauqsi.com\/pt\/wp-json\/wp\/v2\/comments?post=1147"}],"version-history":[{"count":35,"href":"https:\/\/clauqsi.com\/pt\/wp-json\/wp\/v2\/pages\/1147\/revisions"}],"predecessor-version":[{"id":2079,"href":"https:\/\/clauqsi.com\/pt\/wp-json\/wp\/v2\/pages\/1147\/revisions\/2079"}],"wp:attachment":[{"href":"https:\/\/clauqsi.com\/pt\/wp-json\/wp\/v2\/media?parent=1147"}],"curies":[{"name":"wp","href":"https:\/\/api.w.org\/{rel}","templated":true}]}}