{"id":1155,"date":"2026-02-02T12:03:06","date_gmt":"2026-02-02T12:03:06","guid":{"rendered":"https:\/\/clauqsi.com\/?page_id=1155"},"modified":"2026-03-30T11:44:44","modified_gmt":"2026-03-30T11:44:44","slug":"landbouw-en-voedingsmiddelentechnologie","status":"publish","type":"page","link":"https:\/\/clauqsi.com\/nl\/ingenieria-agronomica-agricola-y-alimentaria","title":{"rendered":"Agronomie, landbouw- en voedingsmiddelentechnologie"},"content":{"rendered":"<div id=\"page-header-1123825740\" class=\"page-header-wrapper\">\n  <div class=\"page-title dark normal-title box-shadow-2\">\n\n        <div class=\"page-title-bg\">\n      <div class=\"title-bg fill bg-fill\"\n        data-parallax-container=\".page-title\"\n        data-parallax-background\n data-parallax=\"-\">\n      <\/div>\n      <div class=\"title-overlay fill\"><\/div>\n    <\/div>\n    \n    <div class=\"page-title-inner container align-center text-center flex-row-col medium-flex-wrap\" >\n              <div class=\"title-wrapper is-small flex-col\">\n          <h1 class=\"entry-title mb-0\">\n            Agronomie, landbouw- en voedingsmiddelentechnologie          <\/h1>\n        <\/div>\n                    <div class=\"title-content flex-col\">\n              <\/div>\n    <\/div>\n\n     \n<style>\n#page-header-1123825740 .normal-title {\n  background-color: rgb(59, 109, 17);\n}\n<\/style>\n  <\/div>\n    <\/div>\n  \n<div class=\"is-divider divider clearfix\" style=\"max-width:1024px;\"><\/div>\n\n\t\t<div class=\"tabbed-content\">\n\t\t\t\n\t\t\t<ul class=\"nav nav-line nav-vertical nav-uppercase nav-size-normal nav-left\" role=\"tablist\"><li id=\"tab-ciencias-agrarias-y-bioeconom\u00eda\" class=\"tab active has-icon\" role=\"presentation\"><a href=\"#tab_ciencias-agrarias-y-bioeconom\u00eda\" role=\"tab\" aria-selected=\"true\" aria-controls=\"tab_ciencias-agrarias-y-bioeconom\u00eda\"><span>Landbouwwetenschappen en bio-economie<\/span><\/a><\/li>\n<li id=\"tab-ingenier\u00eda-agr\u00edcola\" class=\"tab has-icon\" role=\"presentation\"><a href=\"#tab_ingenier\u00eda-agr\u00edcola\" tabindex=\"-1\" role=\"tab\" aria-selected=\"false\" aria-controls=\"tab_ingenier\u00eda-agr\u00edcola\"><span>Landbouwtechniek<\/span><\/a><\/li>\n<li id=\"tab-ingenier\u00eda-agron\u00f3mica\" class=\"tab has-icon\" role=\"presentation\"><a href=\"#tab_ingenier\u00eda-agron\u00f3mica\" tabindex=\"-1\" role=\"tab\" aria-selected=\"false\" aria-controls=\"tab_ingenier\u00eda-agron\u00f3mica\"><span>Landbouwtechniek<\/span><\/a><\/li>\n<li id=\"tab-ingenier\u00eda-alimentaria\" class=\"tab has-icon\" role=\"presentation\"><a href=\"#tab_ingenier\u00eda-alimentaria\" tabindex=\"-1\" role=\"tab\" aria-selected=\"false\" aria-controls=\"tab_ingenier\u00eda-alimentaria\"><span>Levensmiddelentechnologie<\/span><\/a><\/li><\/ul><div class=\"tab-panels\"><div id=\"tab_ciencias-agrarias-y-bioeconom\u00eda\" class=\"panel active entry-content\" role=\"tabpanel\" aria-labelledby=\"tab-ciencias-agrarias-y-bioeconom\u00eda\">\n\n  \n    <div class=\"row large-columns-2 medium-columns-1 small-columns-1\" >\n  <div class=\"col post-item\" >\n\t\t\t<div class=\"col-inner\">\n\t\t\t\t<div class=\"box box-normal box-text-bottom box-blog-post has-hover\">\n            \t\t\t\t\t<div class=\"box-image\" >\n  \t\t\t\t\t\t<div class=\"image-zoom image-zoom image-cover\" style=\"padding-top:56%;\">\n\t\t\t\t\t\t\t<a href=\"https:\/\/clauqsi.com\/nl\/blog\/mari-estudiante-de-ciencias-agrarias-y-bioeconomia\" class=\"plain\" aria-label=\"MARI, STUDENT LANDBOUWWETENSCHAPPEN EN BIO-ECONOMIE.\">\n\t\t\t\t\t\t\t\t<img decoding=\"async\" width=\"1020\" height=\"574\" data-src=\"https:\/\/clauqsi.com\/wp-content\/uploads\/2023\/10\/MARI-WHITE-1024x576.jpg\" class=\"attachment-large size-large wp-post-image lazyload\" alt=\"\" data-srcset=\"https:\/\/clauqsi.com\/wp-content\/uploads\/2023\/10\/MARI-WHITE-1024x576.jpg 1024w, https:\/\/clauqsi.com\/wp-content\/uploads\/2023\/10\/MARI-WHITE-300x169.jpg 300w, https:\/\/clauqsi.com\/wp-content\/uploads\/2023\/10\/MARI-WHITE-768x432.jpg 768w, https:\/\/clauqsi.com\/wp-content\/uploads\/2023\/10\/MARI-WHITE-1536x864.jpg 1536w, https:\/\/clauqsi.com\/wp-content\/uploads\/2023\/10\/MARI-WHITE.jpg 1920w\" data-sizes=\"(max-width: 1020px) 100vw, 1020px\" src=\"data:image\/svg+xml;base64,PHN2ZyB3aWR0aD0iMSIgaGVpZ2h0PSIxIiB4bWxucz0iaHR0cDovL3d3dy53My5vcmcvMjAwMC9zdmciPjwvc3ZnPg==\" style=\"--smush-placeholder-width: 1020px; --smush-placeholder-aspect-ratio: 1020\/574;\" \/>\t\t\t\t\t\t\t<\/a>\n  \t\t\t\t\t\t\t  \t\t\t\t\t\t\t  \t\t\t\t\t\t<\/div>\n  \t\t\t\t\t\t  \t\t\t\t\t<\/div>\n          \t\t\t\t\t<div class=\"box-text show-on-hover hover-bounce text-center is-large\" style=\"padding:1px 0px 10px 0px;\">\n\t\t\t\t\t<div class=\"box-text-inner blog-post-inner\">\n\n\t\t\t\t\t\n\t\t\t\t\t\t\t\t\t\t<h5 class=\"post-title is-small\">\n\t\t\t\t\t\t<a href=\"https:\/\/clauqsi.com\/nl\/blog\/mari-estudiante-de-ciencias-agrarias-y-bioeconomia\" class=\"plain\">MARI, STUDENT LANDBOUWWETENSCHAPPEN EN BIO-ECONOMIE.<\/a>\n\t\t\t\t\t<\/h5>\n\t\t\t\t\t<div class=\"post-meta is-small op-8\">2 oktober 2023<\/div>\t\t\t\t\t<div class=\"is-divider\"><\/div>\n\t\t\t\t\t                    \n\t\t\t\t\t\n\t\t\t\t\t\n\t\t\t\t\t<\/div>\n\t\t\t\t\t<\/div>\n\t\t\t\t\t\t\t\t\t<\/div>\n\t\t\t<\/div>\n\t\t<\/div><\/div>\n<\/div>\n<div id=\"tab_ingenier\u00eda-agr\u00edcola\" class=\"panel entry-content\" role=\"tabpanel\" aria-labelledby=\"tab-ingenier\u00eda-agr\u00edcola\">\n\n  \n    <div class=\"row large-columns-2 medium-columns-1 small-columns-1\" >\n  <div class=\"col post-item\" >\n\t\t\t<div class=\"col-inner\">\n\t\t\t\t<div class=\"box box-normal box-text-bottom box-blog-post has-hover\">\n            \t\t\t\t\t<div class=\"box-image\" >\n  \t\t\t\t\t\t<div class=\"image-zoom image-zoom image-cover\" style=\"padding-top:56%;\">\n\t\t\t\t\t\t\t<a href=\"https:\/\/clauqsi.com\/nl\/blog\/alejandra-ingeniera-agricola-y-futura-empresaria-del-campo\" class=\"plain\" aria-label=\"ALEJANDRA, LANDBOUWINGENIEUR EN TOEKOMSTIG LANDBOUWONDERNEMER\">\n\t\t\t\t\t\t\t\t<img decoding=\"async\" width=\"1020\" height=\"574\" data-src=\"https:\/\/clauqsi.com\/wp-content\/uploads\/2024\/07\/ALEJANDRA-PISTACHO-1024x576.jpg\" class=\"attachment-large size-large wp-post-image lazyload\" alt=\"\" data-srcset=\"https:\/\/clauqsi.com\/wp-content\/uploads\/2024\/07\/ALEJANDRA-PISTACHO-1024x576.jpg 1024w, https:\/\/clauqsi.com\/wp-content\/uploads\/2024\/07\/ALEJANDRA-PISTACHO-300x169.jpg 300w, https:\/\/clauqsi.com\/wp-content\/uploads\/2024\/07\/ALEJANDRA-PISTACHO-768x432.jpg 768w, https:\/\/clauqsi.com\/wp-content\/uploads\/2024\/07\/ALEJANDRA-PISTACHO-1536x864.jpg 1536w, https:\/\/clauqsi.com\/wp-content\/uploads\/2024\/07\/ALEJANDRA-PISTACHO.jpg 1920w\" data-sizes=\"(max-width: 1020px) 100vw, 1020px\" src=\"data:image\/svg+xml;base64,PHN2ZyB3aWR0aD0iMSIgaGVpZ2h0PSIxIiB4bWxucz0iaHR0cDovL3d3dy53My5vcmcvMjAwMC9zdmciPjwvc3ZnPg==\" style=\"--smush-placeholder-width: 1020px; --smush-placeholder-aspect-ratio: 1020\/574;\" \/>\t\t\t\t\t\t\t<\/a>\n  \t\t\t\t\t\t\t  \t\t\t\t\t\t\t  \t\t\t\t\t\t<\/div>\n  \t\t\t\t\t\t  \t\t\t\t\t<\/div>\n          \t\t\t\t\t<div class=\"box-text show-on-hover hover-bounce text-center is-large\" style=\"padding:1px 0px 10px 0px;\">\n\t\t\t\t\t<div class=\"box-text-inner blog-post-inner\">\n\n\t\t\t\t\t\n\t\t\t\t\t\t\t\t\t\t<h5 class=\"post-title is-small\">\n\t\t\t\t\t\t<a href=\"https:\/\/clauqsi.com\/nl\/blog\/alejandra-ingeniera-agricola-y-futura-empresaria-del-campo\" class=\"plain\">ALEJANDRA, LANDBOUWINGENIEUR EN TOEKOMSTIG LANDBOUWONDERNEMER<\/a>\n\t\t\t\t\t<\/h5>\n\t\t\t\t\t<div class=\"post-meta is-small op-8\">24 juni 2024<\/div>\t\t\t\t\t<div class=\"is-divider\"><\/div>\n\t\t\t\t\t                    \n\t\t\t\t\t\n\t\t\t\t\t\n\t\t\t\t\t<\/div>\n\t\t\t\t\t<\/div>\n\t\t\t\t\t\t\t\t\t<\/div>\n\t\t\t<\/div>\n\t\t<\/div><div class=\"col post-item\" >\n\t\t\t<div class=\"col-inner\">\n\t\t\t\t<div class=\"box box-normal box-text-bottom box-blog-post has-hover\">\n            \t\t\t\t\t<div class=\"box-image\" >\n  \t\t\t\t\t\t<div class=\"image-zoom image-zoom image-cover\" style=\"padding-top:56%;\">\n\t\t\t\t\t\t\t<a href=\"https:\/\/clauqsi.com\/nl\/blog\/paula-valencia-ingeniera-agricola-y-apasionada-de-la-maquinaria-%f0%9f%9a%9c\" class=\"plain\" aria-label=\"PAULA VALENCIA. LANDBOUWINGENIEUR EN LIEFHEBBER VAN MACHINES \ud83d\ude9c.\">\n\t\t\t\t\t\t\t\t<img decoding=\"async\" width=\"1020\" height=\"574\" data-src=\"https:\/\/clauqsi.com\/wp-content\/uploads\/2023\/12\/PAULA-AGRO-WHITE-1024x576.jpg\" class=\"attachment-large size-large wp-post-image lazyload\" alt=\"\" data-srcset=\"https:\/\/clauqsi.com\/wp-content\/uploads\/2023\/12\/PAULA-AGRO-WHITE-1024x576.jpg 1024w, https:\/\/clauqsi.com\/wp-content\/uploads\/2023\/12\/PAULA-AGRO-WHITE-300x169.jpg 300w, https:\/\/clauqsi.com\/wp-content\/uploads\/2023\/12\/PAULA-AGRO-WHITE-768x432.jpg 768w, https:\/\/clauqsi.com\/wp-content\/uploads\/2023\/12\/PAULA-AGRO-WHITE-1536x864.jpg 1536w, https:\/\/clauqsi.com\/wp-content\/uploads\/2023\/12\/PAULA-AGRO-WHITE.jpg 1920w\" data-sizes=\"(max-width: 1020px) 100vw, 1020px\" src=\"data:image\/svg+xml;base64,PHN2ZyB3aWR0aD0iMSIgaGVpZ2h0PSIxIiB4bWxucz0iaHR0cDovL3d3dy53My5vcmcvMjAwMC9zdmciPjwvc3ZnPg==\" style=\"--smush-placeholder-width: 1020px; --smush-placeholder-aspect-ratio: 1020\/574;\" \/>\t\t\t\t\t\t\t<\/a>\n  \t\t\t\t\t\t\t  \t\t\t\t\t\t\t  \t\t\t\t\t\t<\/div>\n  \t\t\t\t\t\t  \t\t\t\t\t<\/div>\n          \t\t\t\t\t<div class=\"box-text show-on-hover hover-bounce text-center is-large\" style=\"padding:1px 0px 10px 0px;\">\n\t\t\t\t\t<div class=\"box-text-inner blog-post-inner\">\n\n\t\t\t\t\t\n\t\t\t\t\t\t\t\t\t\t<h5 class=\"post-title is-small\">\n\t\t\t\t\t\t<a href=\"https:\/\/clauqsi.com\/nl\/blog\/paula-valencia-ingeniera-agricola-y-apasionada-de-la-maquinaria-%f0%9f%9a%9c\" class=\"plain\">PAULA VALENCIA. LANDBOUWINGENIEUR EN LIEFHEBBER VAN MACHINES \ud83d\ude9c.<\/a>\n\t\t\t\t\t<\/h5>\n\t\t\t\t\t<div class=\"post-meta is-small op-8\">5 december 2023<\/div>\t\t\t\t\t<div class=\"is-divider\"><\/div>\n\t\t\t\t\t                    \n\t\t\t\t\t\n\t\t\t\t\t\n\t\t\t\t\t<\/div>\n\t\t\t\t\t<\/div>\n\t\t\t\t\t\t\t\t\t<\/div>\n\t\t\t<\/div>\n\t\t<\/div><\/div>\n<\/div>\n<div id=\"tab_ingenier\u00eda-agron\u00f3mica\" class=\"panel entry-content\" role=\"tabpanel\" aria-labelledby=\"tab-ingenier\u00eda-agron\u00f3mica\">\n\n  \n    <div class=\"row large-columns-2 medium-columns-1 small-columns-1\" >\n  <div class=\"col post-item\" >\n\t\t\t<div class=\"col-inner\">\n\t\t\t\t<div class=\"box box-normal box-text-bottom box-blog-post has-hover\">\n            \t\t\t\t\t<div class=\"box-image\" >\n  \t\t\t\t\t\t<div class=\"image-zoom image-zoom image-cover\" style=\"padding-top:56%;\">\n\t\t\t\t\t\t\t<a href=\"https:\/\/clauqsi.com\/nl\/blog\/especial-dia-internacional-de-la-mujer-y-la-nina-en-la-ciencia-con-almudena-de-danone\" class=\"plain\" aria-label=\"SPECIALE INTERNATIONALE DAG VAN VROUWEN EN MEISJES IN DE WETENSCHAP MET ALMUDENA DE DANONE\">\n\t\t\t\t\t\t\t\t<img decoding=\"async\" width=\"1020\" height=\"574\" data-src=\"https:\/\/clauqsi.com\/wp-content\/uploads\/2025\/03\/almudena-1024x576.webp\" class=\"attachment-large size-large wp-post-image lazyload\" alt=\"\" data-srcset=\"https:\/\/clauqsi.com\/wp-content\/uploads\/2025\/03\/almudena-1024x576.webp 1024w, https:\/\/clauqsi.com\/wp-content\/uploads\/2025\/03\/almudena-300x169.webp 300w, https:\/\/clauqsi.com\/wp-content\/uploads\/2025\/03\/almudena-768x432.webp 768w, https:\/\/clauqsi.com\/wp-content\/uploads\/2025\/03\/almudena.webp 1280w\" data-sizes=\"(max-width: 1020px) 100vw, 1020px\" src=\"data:image\/svg+xml;base64,PHN2ZyB3aWR0aD0iMSIgaGVpZ2h0PSIxIiB4bWxucz0iaHR0cDovL3d3dy53My5vcmcvMjAwMC9zdmciPjwvc3ZnPg==\" style=\"--smush-placeholder-width: 1020px; --smush-placeholder-aspect-ratio: 1020\/574;\" \/>\t\t\t\t\t\t\t<\/a>\n  \t\t\t\t\t\t\t  \t\t\t\t\t\t\t  \t\t\t\t\t\t<\/div>\n  \t\t\t\t\t\t  \t\t\t\t\t<\/div>\n          \t\t\t\t\t<div class=\"box-text show-on-hover hover-bounce text-center is-large\" style=\"padding:1px 0px 10px 0px;\">\n\t\t\t\t\t<div class=\"box-text-inner blog-post-inner\">\n\n\t\t\t\t\t\n\t\t\t\t\t\t\t\t\t\t<h5 class=\"post-title is-small\">\n\t\t\t\t\t\t<a href=\"https:\/\/clauqsi.com\/nl\/blog\/especial-dia-internacional-de-la-mujer-y-la-nina-en-la-ciencia-con-almudena-de-danone\" class=\"plain\">SPECIALE INTERNATIONALE DAG VAN VROUWEN EN MEISJES IN DE WETENSCHAP MET ALMUDENA DE DANONE<\/a>\n\t\t\t\t\t<\/h5>\n\t\t\t\t\t<div class=\"post-meta is-small op-8\">10 februari 2025<\/div>\t\t\t\t\t<div class=\"is-divider\"><\/div>\n\t\t\t\t\t                    \n\t\t\t\t\t\n\t\t\t\t\t\n\t\t\t\t\t<\/div>\n\t\t\t\t\t<\/div>\n\t\t\t\t\t\t\t\t\t<\/div>\n\t\t\t<\/div>\n\t\t<\/div><div class=\"col post-item\" >\n\t\t\t<div class=\"col-inner\">\n\t\t\t\t<div class=\"box box-normal box-text-bottom box-blog-post has-hover\">\n            \t\t\t\t\t<div class=\"box-image\" >\n  \t\t\t\t\t\t<div class=\"image-zoom image-zoom image-cover\" style=\"padding-top:56%;\">\n\t\t\t\t\t\t\t<a href=\"https:\/\/clauqsi.com\/nl\/blog\/isabel-garcia-frontera-ingeniera-agronoma-y-ceo-de-freenow\" class=\"plain\" aria-label=\"Isabel Garc\u00eda Frontera. Agronoom en CEO van Freenow.\">\n\t\t\t\t\t\t\t\t<img decoding=\"async\" width=\"1020\" height=\"574\" data-src=\"https:\/\/clauqsi.com\/wp-content\/uploads\/2023\/09\/ISABEL-1024x576.jpg\" class=\"attachment-large size-large wp-post-image lazyload\" alt=\"\" data-srcset=\"https:\/\/clauqsi.com\/wp-content\/uploads\/2023\/09\/ISABEL-1024x576.jpg 1024w, https:\/\/clauqsi.com\/wp-content\/uploads\/2023\/09\/ISABEL-300x169.jpg 300w, https:\/\/clauqsi.com\/wp-content\/uploads\/2023\/09\/ISABEL-768x432.jpg 768w, https:\/\/clauqsi.com\/wp-content\/uploads\/2023\/09\/ISABEL-1536x864.jpg 1536w, https:\/\/clauqsi.com\/wp-content\/uploads\/2023\/09\/ISABEL.jpg 1920w\" data-sizes=\"(max-width: 1020px) 100vw, 1020px\" src=\"data:image\/svg+xml;base64,PHN2ZyB3aWR0aD0iMSIgaGVpZ2h0PSIxIiB4bWxucz0iaHR0cDovL3d3dy53My5vcmcvMjAwMC9zdmciPjwvc3ZnPg==\" style=\"--smush-placeholder-width: 1020px; --smush-placeholder-aspect-ratio: 1020\/574;\" \/>\t\t\t\t\t\t\t<\/a>\n  \t\t\t\t\t\t\t  \t\t\t\t\t\t\t  \t\t\t\t\t\t<\/div>\n  \t\t\t\t\t\t  \t\t\t\t\t<\/div>\n          \t\t\t\t\t<div class=\"box-text show-on-hover hover-bounce text-center is-large\" style=\"padding:1px 0px 10px 0px;\">\n\t\t\t\t\t<div class=\"box-text-inner blog-post-inner\">\n\n\t\t\t\t\t\n\t\t\t\t\t\t\t\t\t\t<h5 class=\"post-title is-small\">\n\t\t\t\t\t\t<a href=\"https:\/\/clauqsi.com\/nl\/blog\/isabel-garcia-frontera-ingeniera-agronoma-y-ceo-de-freenow\" class=\"plain\">Isabel Garc\u00eda Frontera. Agronoom en CEO van Freenow.<\/a>\n\t\t\t\t\t<\/h5>\n\t\t\t\t\t<div class=\"post-meta is-small op-8\">12 september 2023<\/div>\t\t\t\t\t<div class=\"is-divider\"><\/div>\n\t\t\t\t\t                    \n\t\t\t\t\t\n\t\t\t\t\t\n\t\t\t\t\t<\/div>\n\t\t\t\t\t<\/div>\n\t\t\t\t\t\t\t\t\t<\/div>\n\t\t\t<\/div>\n\t\t<\/div><\/div>\n<\/div>\n<div id=\"tab_ingenier\u00eda-alimentaria\" class=\"panel entry-content\" role=\"tabpanel\" aria-labelledby=\"tab-ingenier\u00eda-alimentaria\">\n\n  \n    <div class=\"row large-columns-2 medium-columns-1 small-columns-1\" >\n  <div class=\"col post-item\" >\n\t\t\t<div class=\"col-inner\">\n\t\t\t\t<div class=\"box box-normal box-text-bottom box-blog-post has-hover\">\n            \t\t\t\t\t<div class=\"box-image\" >\n  \t\t\t\t\t\t<div class=\"image-zoom image-zoom image-cover\" style=\"padding-top:56%;\">\n\t\t\t\t\t\t\t<a href=\"https:\/\/clauqsi.com\/nl\/blog\/blanca-palma-ingenieria-alimentaria\" class=\"plain\" aria-label=\"Blanca Palma, Voedingsmiddelentechnologie.\">\n\t\t\t\t\t\t\t\t<img decoding=\"async\" width=\"1020\" height=\"574\" data-src=\"https:\/\/clauqsi.com\/wp-content\/uploads\/2023\/09\/BLANCA-WHITE-1024x576.jpg\" class=\"attachment-large size-large wp-post-image lazyload\" alt=\"\" data-srcset=\"https:\/\/clauqsi.com\/wp-content\/uploads\/2023\/09\/BLANCA-WHITE-1024x576.jpg 1024w, https:\/\/clauqsi.com\/wp-content\/uploads\/2023\/09\/BLANCA-WHITE-300x169.jpg 300w, https:\/\/clauqsi.com\/wp-content\/uploads\/2023\/09\/BLANCA-WHITE-768x432.jpg 768w, https:\/\/clauqsi.com\/wp-content\/uploads\/2023\/09\/BLANCA-WHITE-1536x864.jpg 1536w, https:\/\/clauqsi.com\/wp-content\/uploads\/2023\/09\/BLANCA-WHITE.jpg 1920w\" data-sizes=\"(max-width: 1020px) 100vw, 1020px\" src=\"data:image\/svg+xml;base64,PHN2ZyB3aWR0aD0iMSIgaGVpZ2h0PSIxIiB4bWxucz0iaHR0cDovL3d3dy53My5vcmcvMjAwMC9zdmciPjwvc3ZnPg==\" style=\"--smush-placeholder-width: 1020px; --smush-placeholder-aspect-ratio: 1020\/574;\" \/>\t\t\t\t\t\t\t<\/a>\n  \t\t\t\t\t\t\t  \t\t\t\t\t\t\t  \t\t\t\t\t\t<\/div>\n  \t\t\t\t\t\t  \t\t\t\t\t<\/div>\n          \t\t\t\t\t<div class=\"box-text show-on-hover hover-bounce text-center is-large\" style=\"padding:1px 0px 10px 0px;\">\n\t\t\t\t\t<div class=\"box-text-inner blog-post-inner\">\n\n\t\t\t\t\t\n\t\t\t\t\t\t\t\t\t\t<h5 class=\"post-title is-small\">\n\t\t\t\t\t\t<a href=\"https:\/\/clauqsi.com\/nl\/blog\/blanca-palma-ingenieria-alimentaria\" class=\"plain\">Blanca Palma, Voedingsmiddelentechnologie.<\/a>\n\t\t\t\t\t<\/h5>\n\t\t\t\t\t<div class=\"post-meta is-small op-8\">12 september 2023<\/div>\t\t\t\t\t<div class=\"is-divider\"><\/div>\n\t\t\t\t\t                    \n\t\t\t\t\t\n\t\t\t\t\t\n\t\t\t\t\t<\/div>\n\t\t\t\t\t<\/div>\n\t\t\t\t\t\t\t\t\t<\/div>\n\t\t\t<\/div>\n\t\t<\/div><\/div>\n<\/div><\/div><\/div>\n<div class=\"is-divider divider clearfix\" style=\"max-width:1024px;\"><\/div>\n\t<div id=\"text-791027635\" class=\"text\">\n\t\t\n<p>Pas uw zoekopdracht aan met de <strong>zijfilters<\/strong> om specifieke afleveringen te vinden, of klik op <strong>Carri\u00e8res in <a href=\"https:\/\/clauqsi.com\/nl\/blog\/categorie\/landbouw-en-voedingsmiddelentechnologie\/\">Agronomie, landbouw- en voedingsmiddelentechnologie <\/a><\/strong>om de volledige lijst interviews en ervaringen in deze sector te bekijken.<\/p>\n<p>Wil je meer? Word lid van onze community op\u00a0<strong><a href=\"https:\/\/www.instagram.com\/clau_qsi?igsh=MWxvN2EzcmpsdDZ3MQ==\">Instagram<\/a><\/strong>,\u00a0<strong><a href=\"https:\/\/www.tiktok.com\/@clau_qsi?_r=1&amp;_t=ZN-93WtFJfvNCg\">TikTok<\/a>,\u00a0<a href=\"https:\/\/open.spotify.com\/show\/7JD2xfJp1wnOBvCOzK8nam\">Spotify<\/a>\u00a0<\/strong>y <strong><a href=\"http:\/\/www.youtube.com\/@clau_qsi\">YouTube<\/a><\/strong>. Volg ons zodat je geen enkele aflevering mist!<\/p>\n\t\t\n<style>\n#text-791027635 {\n  font-size: 0.8rem;\n}\n<\/style>\n\t<\/div>","protected":false},"excerpt":{"rendered":"","protected":false},"author":1,"featured_media":0,"parent":0,"menu_order":0,"comment_status":"closed","ping_status":"closed","template":"","meta":{"footnotes":""},"class_list":["post-1155","page","type-page","status-publish","hentry"],"yoast_head":"<!-- This site is optimized with the Yoast SEO plugin v27.4 - https:\/\/yoast.com\/product\/yoast-seo-wordpress\/ -->\n<title>Carreras de Ingenier\u00eda Agron\u00f3mica y Alimentaria | CLAUQSI<\/title>\n<meta name=\"description\" content=\"Explora las diferentes carreras de Ingenier\u00eda Agron\u00f3mica y Alimentaria con testimonios de mujeres referentes. \u00a1Encuentra tu vocaci\u00f3n!\" \/>\n<meta name=\"robots\" content=\"index, follow, max-snippet:-1, max-image-preview:large, max-video-preview:-1\" \/>\n<link rel=\"canonical\" href=\"https:\/\/clauqsi.com\/nl\/landbouw-en-voedingsmiddelentechnologie\/\" \/>\n<meta property=\"og:locale\" content=\"nl_NL\" \/>\n<meta property=\"og:type\" content=\"article\" \/>\n<meta property=\"og:title\" content=\"Carreras de Ingenier\u00eda Agron\u00f3mica y Alimentaria | CLAUQSI\" \/>\n<meta property=\"og:description\" content=\"Explora las diferentes carreras de Ingenier\u00eda Agron\u00f3mica y Alimentaria con testimonios de mujeres referentes. \u00a1Encuentra tu vocaci\u00f3n!\" \/>\n<meta property=\"og:url\" content=\"https:\/\/clauqsi.com\/nl\/landbouw-en-voedingsmiddelentechnologie\/\" \/>\n<meta property=\"og:site_name\" content=\"Clau, quiero ser ingeniera\" \/>\n<meta property=\"article:modified_time\" content=\"2026-03-30T11:44:44+00:00\" \/>\n<meta name=\"twitter:card\" content=\"summary_large_image\" \/>\n<meta name=\"twitter:label1\" content=\"Geschatte leestijd\" \/>\n\t<meta name=\"twitter:data1\" content=\"1 minuut\" \/>\n<script type=\"application\/ld+json\" class=\"yoast-schema-graph\">{\"@context\":\"https:\\\/\\\/schema.org\",\"@graph\":[{\"@type\":\"WebPage\",\"@id\":\"https:\\\/\\\/clauqsi.com\\\/ingenieria-agronomica-agricola-y-alimentaria\",\"url\":\"https:\\\/\\\/clauqsi.com\\\/ingenieria-agronomica-agricola-y-alimentaria\",\"name\":\"Carreras de Ingenier\u00eda Agron\u00f3mica y Alimentaria | CLAUQSI\",\"isPartOf\":{\"@id\":\"https:\\\/\\\/clauqsi.com\\\/en\\\/#website\"},\"datePublished\":\"2026-02-02T12:03:06+00:00\",\"dateModified\":\"2026-03-30T11:44:44+00:00\",\"description\":\"Explora las diferentes carreras de Ingenier\u00eda Agron\u00f3mica y Alimentaria con testimonios de mujeres referentes. \u00a1Encuentra tu vocaci\u00f3n!\",\"breadcrumb\":{\"@id\":\"https:\\\/\\\/clauqsi.com\\\/ingenieria-agronomica-agricola-y-alimentaria#breadcrumb\"},\"inLanguage\":\"nl-NL\",\"potentialAction\":[{\"@type\":\"ReadAction\",\"target\":[\"https:\\\/\\\/clauqsi.com\\\/ingenieria-agronomica-agricola-y-alimentaria\"]}]},{\"@type\":\"BreadcrumbList\",\"@id\":\"https:\\\/\\\/clauqsi.com\\\/ingenieria-agronomica-agricola-y-alimentaria#breadcrumb\",\"itemListElement\":[{\"@type\":\"ListItem\",\"position\":1,\"name\":\"Portada\",\"item\":\"https:\\\/\\\/clauqsi.com\\\/\"},{\"@type\":\"ListItem\",\"position\":2,\"name\":\"Ingenier\u00eda Agron\u00f3mica, Agr\u00edcola y Alimentaria\"}]},{\"@type\":\"WebSite\",\"@id\":\"https:\\\/\\\/clauqsi.com\\\/en\\\/#website\",\"url\":\"https:\\\/\\\/clauqsi.com\\\/en\\\/\",\"name\":\"Clau, quiero ser ingeniera\",\"description\":\"Una iniciativa para impulsar las carreras STEAM entre las chicas\",\"potentialAction\":[{\"@type\":\"SearchAction\",\"target\":{\"@type\":\"EntryPoint\",\"urlTemplate\":\"https:\\\/\\\/clauqsi.com\\\/en\\\/?s={search_term_string}\"},\"query-input\":{\"@type\":\"PropertyValueSpecification\",\"valueRequired\":true,\"valueName\":\"search_term_string\"}}],\"inLanguage\":\"nl-NL\"}]}<\/script>\n<!-- \/ Yoast SEO plugin. -->","yoast_head_json":{"title":"Carri\u00e8res in landbouwkunde en voedingsmiddelentechnologie | CLAUQSI","description":"Ontdek de verschillende loopbanen in Agronomie en Voedingsmiddelentechnologie met getuigenissen van vooraanstaande vrouwen en vind jouw roeping!","robots":{"index":"index","follow":"follow","max-snippet":"max-snippet:-1","max-image-preview":"max-image-preview:large","max-video-preview":"max-video-preview:-1"},"canonical":"https:\/\/clauqsi.com\/nl\/landbouw-en-voedingsmiddelentechnologie\/","og_locale":"nl_NL","og_type":"article","og_title":"Carreras de Ingenier\u00eda Agron\u00f3mica y Alimentaria | CLAUQSI","og_description":"Explora las diferentes carreras de Ingenier\u00eda Agron\u00f3mica y Alimentaria con testimonios de mujeres referentes. \u00a1Encuentra tu vocaci\u00f3n!","og_url":"https:\/\/clauqsi.com\/nl\/landbouw-en-voedingsmiddelentechnologie\/","og_site_name":"Clau, quiero ser ingeniera","article_modified_time":"2026-03-30T11:44:44+00:00","twitter_card":"summary_large_image","twitter_misc":{"Geschatte leestijd":"1 minuut"},"schema":{"@context":"https:\/\/schema.org","@graph":[{"@type":"WebPage","@id":"https:\/\/clauqsi.com\/ingenieria-agronomica-agricola-y-alimentaria","url":"https:\/\/clauqsi.com\/ingenieria-agronomica-agricola-y-alimentaria","name":"Carri\u00e8res in landbouwkunde en voedingsmiddelentechnologie | CLAUQSI","isPartOf":{"@id":"https:\/\/clauqsi.com\/en\/#website"},"datePublished":"2026-02-02T12:03:06+00:00","dateModified":"2026-03-30T11:44:44+00:00","description":"Ontdek de verschillende loopbanen in Agronomie en Voedingsmiddelentechnologie met getuigenissen van vooraanstaande vrouwen en vind jouw roeping!","breadcrumb":{"@id":"https:\/\/clauqsi.com\/ingenieria-agronomica-agricola-y-alimentaria#breadcrumb"},"inLanguage":"nl-NL","potentialAction":[{"@type":"ReadAction","target":["https:\/\/clauqsi.com\/ingenieria-agronomica-agricola-y-alimentaria"]}]},{"@type":"BreadcrumbList","@id":"https:\/\/clauqsi.com\/ingenieria-agronomica-agricola-y-alimentaria#breadcrumb","itemListElement":[{"@type":"ListItem","position":1,"name":"Portada","item":"https:\/\/clauqsi.com\/"},{"@type":"ListItem","position":2,"name":"Ingenier\u00eda Agron\u00f3mica, Agr\u00edcola y Alimentaria"}]},{"@type":"WebSite","@id":"https:\/\/clauqsi.com\/en\/#website","url":"https:\/\/clauqsi.com\/en\/","name":"Clau, ik wil ingenieur worden","description":"Een initiatief om STEAM-loopbanen voor meisjes te stimuleren","potentialAction":[{"@type":"SearchAction","target":{"@type":"EntryPoint","urlTemplate":"https:\/\/clauqsi.com\/en\/?s={search_term_string}"},"query-input":{"@type":"PropertyValueSpecification","valueRequired":true,"valueName":"search_term_string"}}],"inLanguage":"nl-NL"}]}},"_links":{"self":[{"href":"https:\/\/clauqsi.com\/nl\/wp-json\/wp\/v2\/pages\/1155","targetHints":{"allow":["GET"]}}],"collection":[{"href":"https:\/\/clauqsi.com\/nl\/wp-json\/wp\/v2\/pages"}],"about":[{"href":"https:\/\/clauqsi.com\/nl\/wp-json\/wp\/v2\/types\/page"}],"author":[{"embeddable":true,"href":"https:\/\/clauqsi.com\/nl\/wp-json\/wp\/v2\/users\/1"}],"replies":[{"embeddable":true,"href":"https:\/\/clauqsi.com\/nl\/wp-json\/wp\/v2\/comments?post=1155"}],"version-history":[{"count":8,"href":"https:\/\/clauqsi.com\/nl\/wp-json\/wp\/v2\/pages\/1155\/revisions"}],"predecessor-version":[{"id":2083,"href":"https:\/\/clauqsi.com\/nl\/wp-json\/wp\/v2\/pages\/1155\/revisions\/2083"}],"wp:attachment":[{"href":"https:\/\/clauqsi.com\/nl\/wp-json\/wp\/v2\/media?parent=1155"}],"curies":[{"name":"wp","href":"https:\/\/api.w.org\/{rel}","templated":true}]}}